{"id":7952,"date":"2020-01-04T13:47:03","date_gmt":"2020-01-04T19:47:03","guid":{"rendered":"https:\/\/legacy.pazcondios.com\/?page_id=7952"},"modified":"2020-08-08T16:29:38","modified_gmt":"2020-08-08T21:29:38","slug":"consejos-para-lideres","status":"publish","type":"page","link":"https:\/\/legacy.pazcondios.com\/?page_id=7952","title":{"rendered":"Talleres para L\u00edderes"},"content":{"rendered":"<p><a href=\"https:\/\/legacy.pazcondios.com\/?cat=169\">Ver todos los episodios<\/a><\/p>\n<p>Frecuentemente los que somos l\u00edderes en la iglesia nos encontramos en medio de situaciones dif\u00edciles. Hay algo que deseamos lograr que est\u00e1 fuera de nuestro alcance. O nos enfrenta una situaci\u00f3n o persona problem\u00e1tica.<\/p>\n<p>Nos podria ayudar hacer una consulta a alguien que nos podr\u00eda dar consejos espec\u00edficas para nuestra situaci\u00f3n en particular.<\/p>\n<p><a href=\"https:\/\/legacy.pazcondios.com\/?cat=169\">Ver todos los episodios<\/a><\/p>\n<p>En este programa, yo comparto ense\u00f1anzas b\u00edblicas a otros l\u00edderes que tienen preguntas, dudas, problemas o necesidades en su ministerio o liderazgo.<\/p>\n<p><a href=\"https:\/\/legacy.pazcondios.com\/?cat=169\">Ver todos los episodios<\/a><\/p>\n<h3>Env\u00edame tus consultas<\/h3>\n<p>Env\u00edame tus consultas sobre tu ministerio, iglesia y liderazgo. Describa la situaci\u00f3n en la cual te encuentras y lo que deseas lograr o el problema que te enfrenta. Puedes enviarlo a este correo electr\u00f3nico: <a href=\"mailto:consejos@pazcondios.com\">consejos@pazcondios.com<\/a>, y yo har\u00e9 videos para dar consejos para tu situaci\u00f3n.<\/p>\n<p><a href=\"https:\/\/legacy.pazcondios.com\/?cat=169\">Ver todos los episodios<\/a><\/p>\n","protected":false},"excerpt":{"rendered":"<p>Ver todos los episodios Frecuentemente los que somos l\u00edderes en la iglesia nos encontramos en medio de situaciones dif\u00edciles. Hay algo que deseamos lograr que est\u00e1 fuera de nuestro alcance. O nos enfrenta una situaci\u00f3n o persona problem\u00e1tica. Nos podria ayudar hacer una consulta a alguien que nos podr\u00eda dar consejos espec\u00edficas para nuestra situaci\u00f3n [&hellip;]<\/p>\n","protected":false},"author":1,"featured_media":0,"parent":0,"menu_order":0,"comment_status":"closed","ping_status":"closed","template":"","meta":[],"_links":{"self":[{"href":"https:\/\/legacy.pazcondios.com\/index.php?rest_route=\/wp\/v2\/pages\/7952"}],"collection":[{"href":"https:\/\/legacy.pazcondios.com\/index.php?rest_route=\/wp\/v2\/pages"}],"about":[{"href":"https:\/\/legacy.pazcondios.com\/index.php?rest_route=\/wp\/v2\/types\/page"}],"author":[{"embeddable":true,"href":"https:\/\/legacy.pazcondios.com\/index.php?rest_route=\/wp\/v2\/users\/1"}],"replies":[{"embeddable":true,"href":"https:\/\/legacy.pazcondios.com\/index.php?rest_route=%2Fwp%2Fv2%2Fcomments&post=7952"}],"version-history":[{"count":3,"href":"https:\/\/legacy.pazcondios.com\/index.php?rest_route=\/wp\/v2\/pages\/7952\/revisions"}],"predecessor-version":[{"id":8587,"href":"https:\/\/legacy.pazcondios.com\/index.php?rest_route=\/wp\/v2\/pages\/7952\/revisions\/8587"}],"wp:attachment":[{"href":"https:\/\/legacy.pazcondios.com\/index.php?rest_route=%2Fwp%2Fv2%2Fmedia&parent=7952"}],"curies":[{"name":"wp","href":"https:\/\/api.w.org\/{rel}","templated":true}]}}