{"id":6756,"date":"2018-06-16T19:31:22","date_gmt":"2018-06-17T00:31:22","guid":{"rendered":"https:\/\/legacy.pazcondios.com\/?page_id=6756"},"modified":"2020-05-27T21:16:45","modified_gmt":"2020-05-28T02:16:45","slug":"bloques","status":"publish","type":"page","link":"https:\/\/legacy.pazcondios.com\/?page_id=6756","title":{"rendered":"Bloques: Gu\u00eda esencial para el l\u00edder en la iglesia"},"content":{"rendered":"<p><a href=\"https:\/\/recursos.pazcondios.com\/libros\/bloques\/bloques_es.pdf\" target=\"_blank\" rel=\"noopener noreferrer\">\u00a1Descargar el libro electr\u00f3nico completamente gratis!<\/a><\/p>\n<p><center><br \/>\n<iframe loading=\"lazy\" title=\"\u00a1Anunciando el nuevo libro: Bloques!\" width=\"500\" height=\"281\" src=\"https:\/\/www.youtube.com\/embed\/yF37dBWS5tk?feature=oembed\" frameborder=\"0\" allow=\"accelerometer; autoplay; clipboard-write; encrypted-media; gyroscope; picture-in-picture; web-share\" referrerpolicy=\"strict-origin-when-cross-origin\" allowfullscreen><\/iframe><br \/>\n<\/center><\/p>\n<p><a href=\"https:\/\/recursos.pazcondios.com\/libros\/bloques\/bloques_es.pdf\" target=\"_blank\" rel=\"noopener noreferrer\">\u00a1Descargar el libro electr\u00f3nico completamente gratis!<\/a><\/p>\n<p><center><br \/>\n<a href=\"https:\/\/recursos.pazcondios.com\/libros\/bloques\/bloques_es.pdf\" target=\"_blank\" rel=\"noopener noreferrer\"><img class=\"\" style=\"border: 1px solid black;\" src=\"http:\/\/imagenes.pazcondios.com\/bloques_libro.png\" alt=\"\" border=\"1\"><\/a><br \/>\n<\/center><\/p>\n<p>&nbsp;<br \/>\n<a href=\"https:\/\/recursos.pazcondios.com\/libros\/bloques\/bloques_es.pdf\" target=\"_blank\" rel=\"noopener noreferrer\">\u00a1Descargar el libro electr\u00f3nico completamente gratis!<\/a><\/p>\n<h3>Libro Electr\u00f3nico Gratis<\/h3>\n<blockquote><p>Para el l\u00edder en la iglesia, hay varias ideas, principios y conceptos b\u00e1sicos que deben estar expl\u00edcitamente en el centro de su ministerio y liderazgo. Son ideas que forman la base de todo lo que hace como l\u00edder.  Son ideas fundamentales y centrales, que pueden guiar a su trabajo en el Reino de Jes\u00fas.<\/p>\n<p>En Bloques, encontrar\u00e1s algunas de las ideas m\u00e1s importantes y esenciales para cualquier l\u00edder en la iglesia. Son conceptos que vienen directamente de la Palabra de Dios. Son principios que deben guiar y moldear al liderazgo espiritual en el Reino de Jes\u00fas, para que la iglesia de Jes\u00fas sea edificada y Dios reciba gloria.<\/p><\/blockquote>\n<p><a href=\"https:\/\/recursos.pazcondios.com\/libros\/bloques\/bloques_es.pdf\" target=\"_blank\" rel=\"noopener noreferrer\">\u00a1Descargar el libro electr\u00f3nico completamente gratis!<\/a><\/p>\n<h3>Lea el libro<\/h3>\n<p>Estamos <strong>regalando<\/strong> el libro digital<br \/>\n<em>(Nada mas pedimos que los compartes gratuitamente tambi\u00e9n.)<\/em><\/p>\n<p><a href=\"https:\/\/recursos.pazcondios.com\/libros\/bloques\/bloques_es.pdf\" target=\"_blank\" rel=\"noopener noreferrer\">\u00a1Descargar el libro electr\u00f3nico completamente gratis!<\/a><\/p>\n<h3>Serm\u00f3n de introducci\u00f3n<\/h3>\n<p><a href=\"https:\/\/legacy.pazcondios.com\/?p=????\">Presentando: Bloques<\/a><\/p>\n<h3>Usa el libro en tu ministerio<\/h3>\n<p>\u00bfTe gustar\u00eda usar el libro Bloques en tu iglesia?<\/p>\n<p><a href=\"https:\/\/recursos.pazcondios.com\/libros\/bloques\/bloques_es.pdf\" target=\"_blank\" rel=\"noopener noreferrer\">\u00a1Descargar el libro electr\u00f3nico completamente gratis!<\/a><\/p>\n<h3>Comp\u00e1rtalo<\/h3>\n<p>\u00bfPodr\u00edas ayudarnos? \u00bfPodr\u00edas compartir este libro con otras personas?<\/p>\n<p><img style=\"width: 50%;\" src=\"http:\/\/imagenes.pazcondios.com\/bloques_compartir.png\"><\/p>\n<p><center><a target=\"_blank\" href=\"https:\/\/pinterest.com\/pin\/create\/button\/?url=http%3A\/\/legacy.pazcondios.com\/?page_id=6756&amp;media=http%3A\/\/imagenes.pazcondios.com\/bloques_compartir.png&amp;description=Bloques,%20un%20nuevo%20libro%20electr%C3%B3nico%20gratis%20en%20www.PazConDios.com,%20\" rel=\"noopener noreferrer\"><i style=\"padding-right:40px; color:red;\" class=\"fa fa-pinterest-p fa-3x\"><\/i><\/a><a target=\"_blank\" href=\"https:\/\/twitter.com\/intent\/retweet?tweet_id=1015710758427086849\" rel=\"noopener noreferrer\"><i style=\"padding-right:40px; color:red;\" class=\"fa fa-twitter fa-3x\"><\/i><\/a><a target=\"_blank\" href=\"https:\/\/www.facebook.com\/permalink.php?story_fbid=1735849839797160&amp;id=124996204215873#\" rel=\"noopener noreferrer\"><i style=\"padding-right:40px; color:red;\" class=\"fa fa-facebook-official fa-3x\"><\/i><\/a><\/center><\/p>\n","protected":false},"excerpt":{"rendered":"<p>\u00a1Descargar el libro electr\u00f3nico completamente gratis! \u00a1Descargar el libro electr\u00f3nico completamente gratis! &nbsp; \u00a1Descargar el libro electr\u00f3nico completamente gratis! Libro Electr\u00f3nico Gratis Para el l\u00edder en la iglesia, hay varias ideas, principios y conceptos b\u00e1sicos que deben estar expl\u00edcitamente en el centro de su ministerio y liderazgo. Son ideas que forman la base de todo [&hellip;]<\/p>\n","protected":false},"author":1,"featured_media":0,"parent":5095,"menu_order":0,"comment_status":"open","ping_status":"closed","template":"","meta":[],"_links":{"self":[{"href":"https:\/\/legacy.pazcondios.com\/index.php?rest_route=\/wp\/v2\/pages\/6756"}],"collection":[{"href":"https:\/\/legacy.pazcondios.com\/index.php?rest_route=\/wp\/v2\/pages"}],"about":[{"href":"https:\/\/legacy.pazcondios.com\/index.php?rest_route=\/wp\/v2\/types\/page"}],"author":[{"embeddable":true,"href":"https:\/\/legacy.pazcondios.com\/index.php?rest_route=\/wp\/v2\/users\/1"}],"replies":[{"embeddable":true,"href":"https:\/\/legacy.pazcondios.com\/index.php?rest_route=%2Fwp%2Fv2%2Fcomments&post=6756"}],"version-history":[{"count":15,"href":"https:\/\/legacy.pazcondios.com\/index.php?rest_route=\/wp\/v2\/pages\/6756\/revisions"}],"predecessor-version":[{"id":8365,"href":"https:\/\/legacy.pazcondios.com\/index.php?rest_route=\/wp\/v2\/pages\/6756\/revisions\/8365"}],"up":[{"embeddable":true,"href":"https:\/\/legacy.pazcondios.com\/index.php?rest_route=\/wp\/v2\/pages\/5095"}],"wp:attachment":[{"href":"https:\/\/legacy.pazcondios.com\/index.php?rest_route=%2Fwp%2Fv2%2Fmedia&parent=6756"}],"curies":[{"name":"wp","href":"https:\/\/api.w.org\/{rel}","templated":true}]}}