{"id":5697,"date":"2016-06-09T15:30:42","date_gmt":"2016-06-09T20:30:42","guid":{"rendered":"https:\/\/legacy.pazcondios.com\/?page_id=5697"},"modified":"2017-03-14T17:29:47","modified_gmt":"2017-03-14T22:29:47","slug":"seminario-como-tratar-los-temasdel-sexo-y-matrimonio-sesion-3","status":"publish","type":"page","link":"https:\/\/legacy.pazcondios.com\/?page_id=5697","title":{"rendered":"Seminario: C\u00f3mo Tratar los Temas<br>del Sexo y Matrimonio: Sesi\u00f3n 3"},"content":{"rendered":"<p>En esta sesi\u00f3n, vemos c\u00f3mo incorporar ense\u00f1anza b\u00edblica de los temas del sexo y matrimonio en el discipulado regular en nuestro ministerio.<\/p>\n<h3>Ver la sesi\u00f3n<\/h3>\n<p><!--[vimeo https:\/\/www.vimeo.com\/167636219 w=500&h=333]--><br \/>\n<iframe loading=\"lazy\" title=\"Sesi\u00f3n 3 del Seminario: C\u00f3mo Tratar los Temas del Sexo y Matrimonio\" width=\"500\" height=\"375\" src=\"https:\/\/www.youtube.com\/embed\/AqJcJxA131g?feature=oembed\" frameborder=\"0\" allow=\"accelerometer; autoplay; clipboard-write; encrypted-media; gyroscope; picture-in-picture; web-share\" referrerpolicy=\"strict-origin-when-cross-origin\" allowfullscreen><\/iframe><\/p>\n<h3>O\u00edr la sesi\u00f3n<\/h3>\n<div class=\"wavesurfer-block wavesurfer-audio\"><div class=\"wavesurfer-player\" data-wave-color=\"#ad0000\" data-cursor-color=\"#333333\" data-progress-color=\"#178200\" data-height=\"35\" data-url=\"https:\/\/audio.pazcondios.com\/SeminarioMatrimonioSesion3.mp3\"><\/div><div class=\"wavesurfer-progress\"><progress class=\"wavesurfer-loading\" value=\"0\" max=\"100\"><\/progress><\/div><div class=\"wavesurfer-buttons_set\"><button type=\"button\" class=\"wavesurfer-play\"><span>Play<\/span><\/button><button type=\"button\" class=\"wavesurfer-stop\"><span>Stop<\/span><\/button><div class=\"wavesurfer-time\"><\/div><div class=\"wavesurfer-duration\"><\/div><\/div><\/div>\n<h3>Descargar esta sesi\u00f3n<\/h3>\n<p>Audio: <a href=\"https:\/\/audio.pazcondios.com\/SeminarioMatrimonioSesion3.mp3\" target=\"_blank\">mp3<\/a><\/p>\n<h3>\u00a1Nuevo libro!<\/h3>\n<p><a href=\"https:\/\/recursos.pazcondios.com\/libros\/matrimonio\/matrimonio_es.pdf\" target=\"_blank\">\u00a1Descargar el libro electr\u00f3nico completamente gratis!<\/a><\/p>\n<p>Junto con el seminario, estamos ofreciendo por primera vez el nuevo libro de PazConDios. Se llama: Un Matrimonio Formado por el Evangelio. Puedes descargar la versi\u00f3n electr\u00f3nica de este libro completamente gratis: <a href=\"https:\/\/legacy.pazcondios.com\/?page_id=5693\">Un Matrimonio Formado por el Evangelio<\/a>.<\/p>\n<p><a href=\"https:\/\/recursos.pazcondios.com\/libros\/matrimonio\/matrimonio_es.pdf\" target=\"_blank\">\u00a1Descargar el libro electr\u00f3nico completamente gratis!<\/a><\/p>\n<h3>Compartir este seminario<\/h3>\n","protected":false},"excerpt":{"rendered":"<p>En esta sesi\u00f3n, vemos c\u00f3mo incorporar ense\u00f1anza b\u00edblica de los temas del sexo y matrimonio en el discipulado regular en nuestro ministerio. Ver la sesi\u00f3n O\u00edr la sesi\u00f3n Descargar esta sesi\u00f3n Audio: mp3 \u00a1Nuevo libro! \u00a1Descargar el libro electr\u00f3nico completamente gratis! Junto con el seminario, estamos ofreciendo por primera vez el nuevo libro de PazConDios. [&hellip;]<\/p>\n","protected":false},"author":1,"featured_media":5690,"parent":5687,"menu_order":0,"comment_status":"open","ping_status":"closed","template":"","meta":[],"_links":{"self":[{"href":"https:\/\/legacy.pazcondios.com\/index.php?rest_route=\/wp\/v2\/pages\/5697"}],"collection":[{"href":"https:\/\/legacy.pazcondios.com\/index.php?rest_route=\/wp\/v2\/pages"}],"about":[{"href":"https:\/\/legacy.pazcondios.com\/index.php?rest_route=\/wp\/v2\/types\/page"}],"author":[{"embeddable":true,"href":"https:\/\/legacy.pazcondios.com\/index.php?rest_route=\/wp\/v2\/users\/1"}],"replies":[{"embeddable":true,"href":"https:\/\/legacy.pazcondios.com\/index.php?rest_route=%2Fwp%2Fv2%2Fcomments&post=5697"}],"version-history":[{"count":6,"href":"https:\/\/legacy.pazcondios.com\/index.php?rest_route=\/wp\/v2\/pages\/5697\/revisions"}],"predecessor-version":[{"id":6040,"href":"https:\/\/legacy.pazcondios.com\/index.php?rest_route=\/wp\/v2\/pages\/5697\/revisions\/6040"}],"up":[{"embeddable":true,"href":"https:\/\/legacy.pazcondios.com\/index.php?rest_route=\/wp\/v2\/pages\/5687"}],"wp:featuredmedia":[{"embeddable":true,"href":"https:\/\/legacy.pazcondios.com\/index.php?rest_route=\/wp\/v2\/media\/5690"}],"wp:attachment":[{"href":"https:\/\/legacy.pazcondios.com\/index.php?rest_route=%2Fwp%2Fv2%2Fmedia&parent=5697"}],"curies":[{"name":"wp","href":"https:\/\/api.w.org\/{rel}","templated":true}]}}