{"id":5696,"date":"2016-06-09T15:29:03","date_gmt":"2016-06-09T20:29:03","guid":{"rendered":"https:\/\/legacy.pazcondios.com\/?page_id=5696"},"modified":"2019-09-12T11:44:49","modified_gmt":"2019-09-12T16:44:49","slug":"seminario-como-tratar-los-temasdel-sexo-y-matrimonio-sesion-2","status":"publish","type":"page","link":"https:\/\/legacy.pazcondios.com\/?page_id=5696","title":{"rendered":"Seminario: C\u00f3mo Tratar los Temas<br>del Sexo y Matrimonio: Sesi\u00f3n 2"},"content":{"rendered":"<p>Frecuentemente, cuando tratamos los temas del sexo y matrimonio, caemos en el peligro o de condenar lo que Dios ya ha perdonado, o de permitir lo que est\u00e1 fuera de su voluntad. En esta sesi\u00f3n, aprendemos c\u00f3mo tratar estos temas con gracia y verdad.<\/p>\n<h3>Ver la sesi\u00f3n<\/h3>\n<p><!--[vimeo https:\/\/www.vimeo.com\/167636212 w=500&h=333]--><br \/>\n<iframe loading=\"lazy\" title=\"Sesi\u00f3n 2 del Seminario: C\u00f3mo Tratar los Temas del Sexo y Matrimonio\" width=\"500\" height=\"375\" src=\"https:\/\/www.youtube.com\/embed\/W-3Q5X-kER0?feature=oembed\" frameborder=\"0\" allow=\"accelerometer; autoplay; encrypted-media; gyroscope; picture-in-picture\" allowfullscreen><\/iframe><\/p>\n<h3>O\u00edr la sesi\u00f3n<\/h3>\n<div class=\"wavesurfer-block wavesurfer-audio\"><div class=\"wavesurfer-player\" data-wave-color=\"#ad0000\" data-cursor-color=\"#333333\" data-progress-color=\"#178200\" data-height=\"35\" data-url=\"https:\/\/audio.pazcondios.com\/SeminarioMatrimonioSesion1.mp3\"><\/div><div class=\"wavesurfer-progress\"><progress class=\"wavesurfer-loading\" value=\"0\" max=\"100\"><\/progress><\/div><div class=\"wavesurfer-buttons_set\"><button type=\"button\" class=\"wavesurfer-play\"><span>Play<\/span><\/button><button type=\"button\" class=\"wavesurfer-stop\"><span>Stop<\/span><\/button><div class=\"wavesurfer-time\"><\/div><div class=\"wavesurfer-duration\"><\/div><\/div><\/div>\n<h3>Descargar esta sesi\u00f3n<\/h3>\n<p>Audio: <a href=\"https:\/\/audio.pazcondios.com\/SeminarioMatrimonioSesion2.mp3\" target=\"_blank\" rel=\"noopener noreferrer\">mp3<\/a><\/p>\n<h3>\u00a1Nuevo libro!<\/h3>\n<p><a href=\"https:\/\/recursos.pazcondios.com\/libros\/matrimonio\/matrimonio_es.pdf\" target=\"_blank\" rel=\"noopener noreferrer\">\u00a1Descargar el libro electr\u00f3nico completamente gratis!<\/a><\/p>\n<p>Junto con el seminario, estamos ofreciendo por primera vez el nuevo libro de PazConDios. Se llama: Un Matrimonio Formado por el Evangelio. Puedes descargar la versi\u00f3n electr\u00f3nica de este libro completamente gratis: <a href=\"https:\/\/legacy.pazcondios.com\/?page_id=5693\">Un Matrimonio Formado por el Evangelio<\/a>.<\/p>\n<p><a href=\"https:\/\/recursos.pazcondios.com\/libros\/matrimonio\/matrimonio_es.pdf\" target=\"_blank\" rel=\"noopener noreferrer\">\u00a1Descargar el libro electr\u00f3nico completamente gratis!<\/a><\/p>\n<h3>Compartir este seminario<\/h3>\n","protected":false},"excerpt":{"rendered":"<p>Frecuentemente, cuando tratamos los temas del sexo y matrimonio, caemos en el peligro o de condenar lo que Dios ya ha perdonado, o de permitir lo que est\u00e1 fuera de su voluntad. En esta sesi\u00f3n, aprendemos c\u00f3mo tratar estos temas con gracia y verdad. Ver la sesi\u00f3n O\u00edr la sesi\u00f3n Descargar esta sesi\u00f3n Audio: mp3 [&hellip;]<\/p>\n","protected":false},"author":1,"featured_media":5690,"parent":5687,"menu_order":0,"comment_status":"open","ping_status":"closed","template":"","meta":[],"_links":{"self":[{"href":"https:\/\/legacy.pazcondios.com\/index.php?rest_route=\/wp\/v2\/pages\/5696"}],"collection":[{"href":"https:\/\/legacy.pazcondios.com\/index.php?rest_route=\/wp\/v2\/pages"}],"about":[{"href":"https:\/\/legacy.pazcondios.com\/index.php?rest_route=\/wp\/v2\/types\/page"}],"author":[{"embeddable":true,"href":"https:\/\/legacy.pazcondios.com\/index.php?rest_route=\/wp\/v2\/users\/1"}],"replies":[{"embeddable":true,"href":"https:\/\/legacy.pazcondios.com\/index.php?rest_route=%2Fwp%2Fv2%2Fcomments&post=5696"}],"version-history":[{"count":5,"href":"https:\/\/legacy.pazcondios.com\/index.php?rest_route=\/wp\/v2\/pages\/5696\/revisions"}],"predecessor-version":[{"id":7783,"href":"https:\/\/legacy.pazcondios.com\/index.php?rest_route=\/wp\/v2\/pages\/5696\/revisions\/7783"}],"up":[{"embeddable":true,"href":"https:\/\/legacy.pazcondios.com\/index.php?rest_route=\/wp\/v2\/pages\/5687"}],"wp:featuredmedia":[{"embeddable":true,"href":"https:\/\/legacy.pazcondios.com\/index.php?rest_route=\/wp\/v2\/media\/5690"}],"wp:attachment":[{"href":"https:\/\/legacy.pazcondios.com\/index.php?rest_route=%2Fwp%2Fv2%2Fmedia&parent=5696"}],"curies":[{"name":"wp","href":"https:\/\/api.w.org\/{rel}","templated":true}]}}