{"id":5693,"date":"2016-06-10T17:28:39","date_gmt":"2016-06-10T22:28:39","guid":{"rendered":"https:\/\/legacy.pazcondios.com\/?page_id=5693"},"modified":"2016-08-13T17:36:58","modified_gmt":"2016-08-13T22:36:58","slug":"un-matrimonio-formado-por-el-evangelio","status":"publish","type":"page","link":"https:\/\/legacy.pazcondios.com\/?page_id=5693","title":{"rendered":"Un Matrimonio Formado<br\/>por el Evangelio"},"content":{"rendered":"<p>Un Matrimonio Formado por el Evangelio: C\u00f3mo el Evangelio transforma el matrimonio<\/p>\n<p><a href=\"https:\/\/recursos.pazcondios.com\/libros\/matrimonio\/matrimonio_es.pdf\" target=\"_blank\">\u00a1Descargar el libro electr\u00f3nico completamente gratis!<\/a><\/p>\n<p><iframe loading=\"lazy\" title=\"Matrimonio Intro\" src=\"https:\/\/player.vimeo.com\/video\/171570949?dnt=1&#038;app_id=122963\" width=\"500\" height=\"333\" frameborder=\"0\" allow=\"autoplay; fullscreen\" allowfullscreen><\/iframe><br \/>\n<br \/>&nbsp;<br \/>\n<a href=\"https:\/\/recursos.pazcondios.com\/libros\/matrimonio\/matrimonio_es.pdf\" target=\"_blank\">\u00a1Descargar el libro electr\u00f3nico completamente gratis!<\/a><\/p>\n<h3>Libro Electr\u00f3nico Gratis<\/h3>\n<blockquote><p>Hay muchos libros que se tratan del matrimonio. Son libros llenos de consejos pr\u00e1cticos; libros con muchas teor\u00edas e ideas acerca del matrimonio. <\/p>\n<p>La mayor\u00eda, de una forma u otra, buscan contestar la pregunta: \u00bfC\u00f3mo hacer que el matrimonio funcione bien? Muchos son excelentes, y en ellos se puede encuentrar bastante sabidur\u00eda y ayuda para la persona casada.  <\/p>\n<p>En este libro, vemos una pregunta distinta. <\/p>\n<p>La gran pregunta que este libro contesta es: \u00bfCu\u00e1l es el prop\u00f3sito de Dios para el matrimonio? Dios \u2014 el Creador de todo \u2014 cre\u00f3 la idea del matrimonio. <\/p>\n<p>Entonces, tiene sentido creer que entender a sus intenciones nos ayudar\u00e1 a navegar el camino de nuestro matrimonio para nuestro gozo y su gloria.<\/p><\/blockquote>\n<p><a href=\"https:\/\/recursos.pazcondios.com\/libros\/matrimonio\/matrimonio_es.pdf\" target=\"_blank\">\u00a1Descargar el libro electr\u00f3nico completamente gratis!<\/a><\/p>\n<h3>Lea el libro<\/h3>\n<p>Estamos <strong>regalando<\/strong> el libro digital<br \/><em>(Nada mas pedimos que los compartes gratuitamente tambi\u00e9n.)<\/em><\/p>\n<p><a href=\"https:\/\/recursos.pazcondios.com\/libros\/matrimonio\/matrimonio_es.pdf\" target=\"_blank\">\u00a1Descargar el libro electr\u00f3nico completamente gratis!<\/a><\/p>\n<h3>Participa en el seminario<\/h3>\n<p>Hemos publicado un seminario para acompa\u00f1ar a este libro. El seminario se llama: <strong><em>C\u00f3mo Tratar los Temas del Sexo y Matrimonio<\/em><\/strong>. Incluye tres sesiones que son de mucha ayuda para todo l\u00edder en la iglesia.<\/p>\n<p><a href=\"https:\/\/legacy.pazcondios.com\/?page_id=5687\">Participa en el seminario: C\u00f3mo Tratar los Temas del Sexo y Matrimonio.<\/a><\/p>\n<h3>Serm\u00f3n de introducci\u00f3n<\/h3>\n<p><a href=\"https:\/\/legacy.pazcondios.com\/?p=5834\">Presentando: Un Matrimonio Formado por el Evangelio<\/a><\/p>\n<h3>Usa el libro en tu ministerio<\/h3>\n<p>\u00bfTe gustar\u00eda usar el libro Un Matrimonio Formado por el Evangelio en tu iglesia?<\/p>\n<p><a href=\"https:\/\/recursos.pazcondios.com\/libros\/matrimonio\/matrimonio_es.pdf\" target=\"_blank\">\u00a1Descargar el libro electr\u00f3nico completamente gratis!<\/a><\/p>\n<h3>Comp\u00e1rtalo<\/h3>\n<p>\u00bfPodr\u00edas ayudarnos? \u00bfPodr\u00edas compartir este libro con otras personas? <\/p>\n<p>Hemos creado una p\u00e1gina con im\u00e1genes que puedes usar para compartir este libro con otros.<\/p>\n<p><a href=\"https:\/\/legacy.pazcondios.com\/?page_id=5736\">\u00a1Comparta Un Matrimonio Formado por el Evangelio!<\/a><\/p>\n","protected":false},"excerpt":{"rendered":"<p>Un Matrimonio Formado por el Evangelio: C\u00f3mo el Evangelio transforma el matrimonio \u00a1Descargar el libro electr\u00f3nico completamente gratis! &nbsp; \u00a1Descargar el libro electr\u00f3nico completamente gratis! Libro Electr\u00f3nico Gratis Hay muchos libros que se tratan del matrimonio. Son libros llenos de consejos pr\u00e1cticos; libros con muchas teor\u00edas e ideas acerca del matrimonio. La mayor\u00eda, de una [&hellip;]<\/p>\n","protected":false},"author":1,"featured_media":0,"parent":5095,"menu_order":0,"comment_status":"open","ping_status":"closed","template":"","meta":[],"_links":{"self":[{"href":"https:\/\/legacy.pazcondios.com\/index.php?rest_route=\/wp\/v2\/pages\/5693"}],"collection":[{"href":"https:\/\/legacy.pazcondios.com\/index.php?rest_route=\/wp\/v2\/pages"}],"about":[{"href":"https:\/\/legacy.pazcondios.com\/index.php?rest_route=\/wp\/v2\/types\/page"}],"author":[{"embeddable":true,"href":"https:\/\/legacy.pazcondios.com\/index.php?rest_route=\/wp\/v2\/users\/1"}],"replies":[{"embeddable":true,"href":"https:\/\/legacy.pazcondios.com\/index.php?rest_route=%2Fwp%2Fv2%2Fcomments&post=5693"}],"version-history":[{"count":18,"href":"https:\/\/legacy.pazcondios.com\/index.php?rest_route=\/wp\/v2\/pages\/5693\/revisions"}],"predecessor-version":[{"id":5837,"href":"https:\/\/legacy.pazcondios.com\/index.php?rest_route=\/wp\/v2\/pages\/5693\/revisions\/5837"}],"up":[{"embeddable":true,"href":"https:\/\/legacy.pazcondios.com\/index.php?rest_route=\/wp\/v2\/pages\/5095"}],"wp:attachment":[{"href":"https:\/\/legacy.pazcondios.com\/index.php?rest_route=%2Fwp%2Fv2%2Fmedia&parent=5693"}],"curies":[{"name":"wp","href":"https:\/\/api.w.org\/{rel}","templated":true}]}}