{"id":5687,"date":"2016-06-09T14:55:42","date_gmt":"2016-06-09T19:55:42","guid":{"rendered":"https:\/\/legacy.pazcondios.com\/?page_id=5687"},"modified":"2017-03-14T17:32:24","modified_gmt":"2017-03-14T22:32:24","slug":"seminario-como-tratar-los-temasdel-sexo-y-matrimonio","status":"publish","type":"page","link":"https:\/\/legacy.pazcondios.com\/?page_id=5687","title":{"rendered":"Seminario: C\u00f3mo Tratar los Temas<br>del Sexo y Matrimonio"},"content":{"rendered":"<h3>\u00a1Bienvenido al seminario<br \/>\nC\u00f3mo Tratar los Temas del Sexo y Matrimonio!<\/h3>\n<p>La vida rom\u00e1ntica e \u00edntima es una parte de la vida grande. Puede ser una bendici\u00f3n de Dios, o puede traer destrucci\u00f3n a nuestra vida. En este seminario, veremos c\u00f3mo podemos guiar a las personas en nuestra iglesia y ministerio a vivir para la gloria de Dios en esta \u00e1rea de su vida.<\/p>\n<p><iframe loading=\"lazy\" title=\"Introducci\u00f3n al Seminario: C\u00f3mo Tratar los Temas del Sexo y Matrimonio\" width=\"500\" height=\"375\" src=\"https:\/\/www.youtube.com\/embed\/3l2f82MYsLQ?feature=oembed\" frameborder=\"0\" allow=\"accelerometer; autoplay; clipboard-write; encrypted-media; gyroscope; picture-in-picture; web-share\" referrerpolicy=\"strict-origin-when-cross-origin\" allowfullscreen><\/iframe><\/p>\n<h3>3 Videos<\/h3>\n<p>C\u00f3mo Tratar los Temas del Sexo y Matrimonio est\u00e1 compuesto de 3 sesiones, en las cuales comparto diferentes ideas que nos ayudar\u00e1n a saber c\u00f3mo tratar el tema de la vida \u00edntima.<\/p>\n<h3>\u00a1Nuevo libro!<\/h3>\n<p><a href=\"https:\/\/recursos.pazcondios.com\/libros\/matrimonio\/matrimonio_es.pdf\" target=\"_blank\">\u00a1Descargar el libro electr\u00f3nico completamente gratis!<\/a><\/p>\n<p>Junto con el seminario, estamos ofreciendo por primera vez el nuevo libro de PazConDios. Se llama: Un Matrimonio Formado por el Evangelio. Puedes descargar la versi\u00f3n electr\u00f3nica de este libro completamente gratis: <a href=\"https:\/\/legacy.pazcondios.com\/?page_id=5693\">Un Matrimonio Formado por el Evangelio<\/a>.<\/p>\n<p><a href=\"https:\/\/recursos.pazcondios.com\/libros\/matrimonio\/matrimonio_es.pdf\" target=\"_blank\">\u00a1Descargar el libro electr\u00f3nico completamente gratis!<\/a><\/p>\n<h3>Completamente gratis<\/h3>\n<p>Igual que todos los recursos en PazConDios, el seminario C\u00f3mo Tratar los Temas del Sexo y Matrimonio es completamente gratis. Nuestra misi\u00f3n en PazConDios es <i>Capacitar l\u00edderes para equipar a la iglesia<\/i>.<\/p>\n<h3>Compartir con el grupo<\/h3>\n<p>Despu\u00e9s de cada video, hay una \u00e1rea para comentarios. As\u00ed que todos podemos conversar y compartir nuestras experiencias, preguntas y comentarios. Durante el seminario, voy a estar participando en la conversaci\u00f3n en los comentarios. \u00a1Entonces, espero verte all\u00ed!<\/p>\n<h3>Puedes empezar ahora<\/h3>\n<p>Te invito a que entres y participes en el seminario C\u00f3mo Tratar los Temas del Sexo y Matrimonio <a href=\"https:\/\/legacy.pazcondios.com\/?page_id=5695\">Sesi\u00f3n 1<\/a>.<\/p>\n<p>&nbsp;<\/p>\n<p>\u2014 Felipe<\/p>\n<h3>Compartir este seminario<\/h3>\n","protected":false},"excerpt":{"rendered":"<p>\u00a1Bienvenido al seminario C\u00f3mo Tratar los Temas del Sexo y Matrimonio! La vida rom\u00e1ntica e \u00edntima es una parte de la vida grande. Puede ser una bendici\u00f3n de Dios, o puede traer destrucci\u00f3n a nuestra vida. En este seminario, veremos c\u00f3mo podemos guiar a las personas en nuestra iglesia y ministerio a vivir para la [&hellip;]<\/p>\n","protected":false},"author":1,"featured_media":5690,"parent":0,"menu_order":0,"comment_status":"open","ping_status":"closed","template":"","meta":[],"_links":{"self":[{"href":"https:\/\/legacy.pazcondios.com\/index.php?rest_route=\/wp\/v2\/pages\/5687"}],"collection":[{"href":"https:\/\/legacy.pazcondios.com\/index.php?rest_route=\/wp\/v2\/pages"}],"about":[{"href":"https:\/\/legacy.pazcondios.com\/index.php?rest_route=\/wp\/v2\/types\/page"}],"author":[{"embeddable":true,"href":"https:\/\/legacy.pazcondios.com\/index.php?rest_route=\/wp\/v2\/users\/1"}],"replies":[{"embeddable":true,"href":"https:\/\/legacy.pazcondios.com\/index.php?rest_route=%2Fwp%2Fv2%2Fcomments&post=5687"}],"version-history":[{"count":8,"href":"https:\/\/legacy.pazcondios.com\/index.php?rest_route=\/wp\/v2\/pages\/5687\/revisions"}],"predecessor-version":[{"id":6041,"href":"https:\/\/legacy.pazcondios.com\/index.php?rest_route=\/wp\/v2\/pages\/5687\/revisions\/6041"}],"wp:featuredmedia":[{"embeddable":true,"href":"https:\/\/legacy.pazcondios.com\/index.php?rest_route=\/wp\/v2\/media\/5690"}],"wp:attachment":[{"href":"https:\/\/legacy.pazcondios.com\/index.php?rest_route=%2Fwp%2Fv2%2Fmedia&parent=5687"}],"curies":[{"name":"wp","href":"https:\/\/api.w.org\/{rel}","templated":true}]}}