{"id":5486,"date":"2015-12-16T15:19:55","date_gmt":"2015-12-16T20:19:55","guid":{"rendered":"https:\/\/legacy.pazcondios.com\/?page_id=5486"},"modified":"2016-08-13T17:38:39","modified_gmt":"2016-08-13T22:38:39","slug":"si-pero","status":"publish","type":"page","link":"https:\/\/legacy.pazcondios.com\/?page_id=5486","title":{"rendered":"S\u00ed, Pero&#8230;"},"content":{"rendered":"<p><center><img style=\"border: 1px solid black;\" src=\"http:\/\/imagenes.pazcondios.com\/sipero_es.png\" alt=\"\" \/><\/center><strong>S\u00ed, Pero&#8230;<\/strong> <em>Las barreras que nos bloquean a seguir radicalmente a Jes\u00fas, y c\u00f3mo superarlas<\/em><\/p>\n<h3>Libro Electr\u00f3nico Gratis<\/h3>\n<p><a href=\"https:\/\/recursos.pazcondios.com\/libros\/sipero\/sipero_es.pdf\" target=\"_blank\">Descargar el libro electr\u00f3nico<\/a><\/p>\n<blockquote><p>No tienes que leer muchas de las ense\u00f1anzas de Jes\u00fas para darte cuenta de que la llamada que \u00c9l hace a sus seguidores es muy alta. Les llama a perder su vida, a entregarse totalmente a \u00c9l, a dedicarse a hacer otros seguidores.<\/p>\n<p>Al escuchar esta llamada, empezamos a crear excusas \u2014 razones por las cuales su llamada no aplica a nosotros, o no podemos entregarnos tanto \u2014. Son barreras que nos bloquean a entregarnos completamente a Jes\u00fas, a aceptar su llamada y a vivir la vida de gran prop\u00f3sito eterno que \u00c9l tiene para sus seguidores.<\/p>\n<p>En S\u00ed, pero&#8230;, vemos algunas de las barreras m\u00e1s comunes que nos previenen de aceptar la llamada de Jes\u00fas; y aprendemos c\u00f3mo superarlas.<\/p><\/blockquote>\n<h3>Lea el libro<\/h3>\n<p>Estamos <strong>regalando<\/strong> el libro digital<br \/>\n<em>(Nada mas pedimos que lo compartas gratuitamente tambi\u00e9n.)<\/em><br \/>\n<a href=\"https:\/\/recursos.pazcondios.com\/libros\/sipero\/sipero_es.pdf\" target=\"_blank\">Descargar el libro electr\u00f3nico<\/a><\/p>\n<h3>Participa en el seminario<\/h3>\n<p>Hemos publicado un seminario para acompa\u00f1ar a este libro. El seminario se llama: <strong><em>C\u00f3mo Ser Instrumentos de Transformaci\u00f3n<\/em><\/strong>. Incluye cuatro sesiones que son de mucha ayuda para todo l\u00edder en la iglesia.<\/p>\n<p><a href=\"https:\/\/legacy.pazcondios.com\/?page_id=5354\">Participa en el seminario: C\u00f3mo Ser Instrumentos de Transformaci\u00f3n.<\/a><\/p>\n<h3>Serm\u00f3n de introducci\u00f3n<\/h3>\n<p><a href=\"https:\/\/legacy.pazcondios.com\/?p=5487\">Presentando: S\u00ed, Pero<\/a><\/p>\n<h3>Usa el libro en tu ministerio<\/h3>\n<p>Te invito a que uses el libro S\u00ed, Pero&#8230; en tu iglesia. Puedes predicar el material de este libro en una serie de sermones, lo puedes ense\u00f1ar en una clase o grupos hogare\u00f1os y tambi\u00e9n puedes utilizarlo para el discipulado uno a uno.<\/p>\n","protected":false},"excerpt":{"rendered":"<p>S\u00ed, Pero&#8230; Las barreras que nos bloquean a seguir radicalmente a Jes\u00fas, y c\u00f3mo superarlas Libro Electr\u00f3nico Gratis Descargar el libro electr\u00f3nico No tienes que leer muchas de las ense\u00f1anzas de Jes\u00fas para darte cuenta de que la llamada que \u00c9l hace a sus seguidores es muy alta. Les llama a perder su vida, a [&hellip;]<\/p>\n","protected":false},"author":1,"featured_media":0,"parent":5095,"menu_order":0,"comment_status":"open","ping_status":"closed","template":"","meta":[],"_links":{"self":[{"href":"https:\/\/legacy.pazcondios.com\/index.php?rest_route=\/wp\/v2\/pages\/5486"}],"collection":[{"href":"https:\/\/legacy.pazcondios.com\/index.php?rest_route=\/wp\/v2\/pages"}],"about":[{"href":"https:\/\/legacy.pazcondios.com\/index.php?rest_route=\/wp\/v2\/types\/page"}],"author":[{"embeddable":true,"href":"https:\/\/legacy.pazcondios.com\/index.php?rest_route=\/wp\/v2\/users\/1"}],"replies":[{"embeddable":true,"href":"https:\/\/legacy.pazcondios.com\/index.php?rest_route=%2Fwp%2Fv2%2Fcomments&post=5486"}],"version-history":[{"count":7,"href":"https:\/\/legacy.pazcondios.com\/index.php?rest_route=\/wp\/v2\/pages\/5486\/revisions"}],"predecessor-version":[{"id":5838,"href":"https:\/\/legacy.pazcondios.com\/index.php?rest_route=\/wp\/v2\/pages\/5486\/revisions\/5838"}],"up":[{"embeddable":true,"href":"https:\/\/legacy.pazcondios.com\/index.php?rest_route=\/wp\/v2\/pages\/5095"}],"wp:attachment":[{"href":"https:\/\/legacy.pazcondios.com\/index.php?rest_route=%2Fwp%2Fv2%2Fmedia&parent=5486"}],"curies":[{"name":"wp","href":"https:\/\/api.w.org\/{rel}","templated":true}]}}