{"id":5367,"date":"2015-10-31T20:41:09","date_gmt":"2015-11-01T01:41:09","guid":{"rendered":"https:\/\/legacy.pazcondios.com\/?page_id=5367"},"modified":"2017-03-14T17:48:27","modified_gmt":"2017-03-14T22:48:27","slug":"seminario-como-ser-instrumentosde-transformacion-sesion-4","status":"publish","type":"page","link":"https:\/\/legacy.pazcondios.com\/?page_id=5367","title":{"rendered":"Seminario C\u00f3mo Ser Instrumentos<br \/>de Transformaci\u00f3n: Sesi\u00f3n 4"},"content":{"rendered":"<p>En esta sesi\u00f3n, hablamos de las\u00a0diferentes excusas y peros que ponemos cuando Dios pide que cambiemos. Aprendemos a ser l\u00edderes que enfrentan a las excusas, y conf\u00edan en Dios para hacer los cambios en nosotros y las personas que guiamos.<br \/>\n<br \/>\nY al final, \u00a1compartimos el nuevo libro de PazConDios!<\/p>\n<h3>Ver la sesi\u00f3n<\/h3>\n<p><!--[vimeo https:\/\/www.vimeo.com\/139761687 w=500&h=333]--><br \/>\n<iframe loading=\"lazy\" title=\"Sesi\u00f3n 4 del Seminario: C\u00f3mo Ser Instrumentos de Transformaci\u00f3n\" width=\"500\" height=\"375\" src=\"https:\/\/www.youtube.com\/embed\/o90VADQSDK0?feature=oembed\" frameborder=\"0\" allow=\"accelerometer; autoplay; clipboard-write; encrypted-media; gyroscope; picture-in-picture; web-share\" referrerpolicy=\"strict-origin-when-cross-origin\" allowfullscreen><\/iframe><\/p>\n<h3>O\u00edr la sesi\u00f3n<\/h3>\n<div class=\"wavesurfer-block wavesurfer-audio\"><div class=\"wavesurfer-player\" data-wave-color=\"#ad0000\" data-cursor-color=\"#333333\" data-progress-color=\"#178200\" data-height=\"35\" data-url=\"https:\/\/audio.pazcondios.com\/SeminarioTransformacionSesion4.mp3\"><\/div><div class=\"wavesurfer-progress\"><progress class=\"wavesurfer-loading\" value=\"0\" max=\"100\"><\/progress><\/div><div class=\"wavesurfer-buttons_set\"><button type=\"button\" class=\"wavesurfer-play\"><span>Play<\/span><\/button><button type=\"button\" class=\"wavesurfer-stop\"><span>Stop<\/span><\/button><div class=\"wavesurfer-time\"><\/div><div class=\"wavesurfer-duration\"><\/div><\/div><\/div>\n<h3>Descargar esta sesi\u00f3n<\/h3>\n<p>Audio: <a href=\"https:\/\/audio.pazcondios.com\/SeminarioTransformacionSesion4.mp3\" target=\"_blank\">mp3<\/a><\/p>\n<h3>\u00a1NUEVO Libro electr\u00f3nico GRATIS!<\/h3>\n<p>Hoy te ofrecemos el nuevo libro electr\u00f3nico <a href=\"https:\/\/legacy.pazcondios.com\/?page_id=5486\">S\u00ed, Pero&#8230;<\/a> completamente gratis; es nuestro regalo a ti:<br \/>\n<a href=\"https:\/\/recursos.pazcondios.com\/libros\/sipero\/sipero_es.pdf\" target=\"_blank\">Bajar el libro electr\u00f3nico<\/a><br \/>\n<\/p>\n<h3>Compartir este seminario<\/h3>\n","protected":false},"excerpt":{"rendered":"<p>En esta sesi\u00f3n, hablamos de las\u00a0diferentes excusas y peros que ponemos cuando Dios pide que cambiemos. Aprendemos a ser l\u00edderes que enfrentan a las excusas, y conf\u00edan en Dios para hacer los cambios en nosotros y las personas que guiamos. Y al final, \u00a1compartimos el nuevo libro de PazConDios! Ver la sesi\u00f3n O\u00edr la sesi\u00f3n [&hellip;]<\/p>\n","protected":false},"author":1,"featured_media":5409,"parent":5354,"menu_order":0,"comment_status":"open","ping_status":"closed","template":"","meta":[],"_links":{"self":[{"href":"https:\/\/legacy.pazcondios.com\/index.php?rest_route=\/wp\/v2\/pages\/5367"}],"collection":[{"href":"https:\/\/legacy.pazcondios.com\/index.php?rest_route=\/wp\/v2\/pages"}],"about":[{"href":"https:\/\/legacy.pazcondios.com\/index.php?rest_route=\/wp\/v2\/types\/page"}],"author":[{"embeddable":true,"href":"https:\/\/legacy.pazcondios.com\/index.php?rest_route=\/wp\/v2\/users\/1"}],"replies":[{"embeddable":true,"href":"https:\/\/legacy.pazcondios.com\/index.php?rest_route=%2Fwp%2Fv2%2Fcomments&post=5367"}],"version-history":[{"count":7,"href":"https:\/\/legacy.pazcondios.com\/index.php?rest_route=\/wp\/v2\/pages\/5367\/revisions"}],"predecessor-version":[{"id":6046,"href":"https:\/\/legacy.pazcondios.com\/index.php?rest_route=\/wp\/v2\/pages\/5367\/revisions\/6046"}],"up":[{"embeddable":true,"href":"https:\/\/legacy.pazcondios.com\/index.php?rest_route=\/wp\/v2\/pages\/5354"}],"wp:featuredmedia":[{"embeddable":true,"href":"https:\/\/legacy.pazcondios.com\/index.php?rest_route=\/wp\/v2\/media\/5409"}],"wp:attachment":[{"href":"https:\/\/legacy.pazcondios.com\/index.php?rest_route=%2Fwp%2Fv2%2Fmedia&parent=5367"}],"curies":[{"name":"wp","href":"https:\/\/api.w.org\/{rel}","templated":true}]}}