{"id":5361,"date":"2015-10-31T20:37:50","date_gmt":"2015-11-01T01:37:50","guid":{"rendered":"https:\/\/legacy.pazcondios.com\/?page_id=5361"},"modified":"2017-03-14T17:43:59","modified_gmt":"2017-03-14T22:43:59","slug":"seminario-como-ser-instrumentosde-transformacion-sesion-1","status":"publish","type":"page","link":"https:\/\/legacy.pazcondios.com\/?page_id=5361","title":{"rendered":"Seminario C\u00f3mo Ser Instrumentos<br \/>de Transformaci\u00f3n: Sesi\u00f3n 1"},"content":{"rendered":"<p>En esta sesi\u00f3n, contestamos la pregunta: \u00bfC\u00f3mo guiamos a otros cuando no saben qu\u00e9 deben hacer? Veremos que como l\u00edderes, nos toca definir la meta, dar direcci\u00f3n y marcar el camino.<\/p>\n<h3>Ver la sesi\u00f3n<\/h3>\n<p><!--[vimeo https:\/\/www.vimeo.com\/139064436 w=500&h=333]--><br \/>\n<iframe loading=\"lazy\" title=\"Sesi\u00f3n 1 del Seminario: C\u00f3mo Ser Instrumentos de Transformaci\u00f3n\" width=\"500\" height=\"375\" src=\"https:\/\/www.youtube.com\/embed\/8HL4x-8Upfc?feature=oembed\" frameborder=\"0\" allow=\"accelerometer; autoplay; clipboard-write; encrypted-media; gyroscope; picture-in-picture; web-share\" referrerpolicy=\"strict-origin-when-cross-origin\" allowfullscreen><\/iframe><\/p>\n<h3>O\u00edr la sesi\u00f3n<\/h3>\n<div class=\"wavesurfer-block wavesurfer-audio\"><div class=\"wavesurfer-player\" data-wave-color=\"#ad0000\" data-cursor-color=\"#333333\" data-progress-color=\"#178200\" data-height=\"35\" data-url=\"https:\/\/audio.pazcondios.com\/SeminarioTransformacionSesion1.mp3\"><\/div><div class=\"wavesurfer-progress\"><progress class=\"wavesurfer-loading\" value=\"0\" max=\"100\"><\/progress><\/div><div class=\"wavesurfer-buttons_set\"><button type=\"button\" class=\"wavesurfer-play\"><span>Play<\/span><\/button><button type=\"button\" class=\"wavesurfer-stop\"><span>Stop<\/span><\/button><div class=\"wavesurfer-time\"><\/div><div class=\"wavesurfer-duration\"><\/div><\/div><\/div>\n<h3>Descargar esta sesi\u00f3n<\/h3>\n<p>Audio: <a href=\"https:\/\/audio.pazcondios.com\/SeminarioTransformacionSesion1.mp3\" target=\"_blank\">mp3<\/a><\/p>\n<h3>Compartir este seminario<\/h3>\n","protected":false},"excerpt":{"rendered":"<p>En esta sesi\u00f3n, contestamos la pregunta: \u00bfC\u00f3mo guiamos a otros cuando no saben qu\u00e9 deben hacer? Veremos que como l\u00edderes, nos toca definir la meta, dar direcci\u00f3n y marcar el camino. Ver la sesi\u00f3n O\u00edr la sesi\u00f3n Descargar esta sesi\u00f3n Audio: mp3 Compartir este seminario<\/p>\n","protected":false},"author":1,"featured_media":5409,"parent":5354,"menu_order":0,"comment_status":"open","ping_status":"closed","template":"","meta":[],"_links":{"self":[{"href":"https:\/\/legacy.pazcondios.com\/index.php?rest_route=\/wp\/v2\/pages\/5361"}],"collection":[{"href":"https:\/\/legacy.pazcondios.com\/index.php?rest_route=\/wp\/v2\/pages"}],"about":[{"href":"https:\/\/legacy.pazcondios.com\/index.php?rest_route=\/wp\/v2\/types\/page"}],"author":[{"embeddable":true,"href":"https:\/\/legacy.pazcondios.com\/index.php?rest_route=\/wp\/v2\/users\/1"}],"replies":[{"embeddable":true,"href":"https:\/\/legacy.pazcondios.com\/index.php?rest_route=%2Fwp%2Fv2%2Fcomments&post=5361"}],"version-history":[{"count":16,"href":"https:\/\/legacy.pazcondios.com\/index.php?rest_route=\/wp\/v2\/pages\/5361\/revisions"}],"predecessor-version":[{"id":6043,"href":"https:\/\/legacy.pazcondios.com\/index.php?rest_route=\/wp\/v2\/pages\/5361\/revisions\/6043"}],"up":[{"embeddable":true,"href":"https:\/\/legacy.pazcondios.com\/index.php?rest_route=\/wp\/v2\/pages\/5354"}],"wp:featuredmedia":[{"embeddable":true,"href":"https:\/\/legacy.pazcondios.com\/index.php?rest_route=\/wp\/v2\/media\/5409"}],"wp:attachment":[{"href":"https:\/\/legacy.pazcondios.com\/index.php?rest_route=%2Fwp%2Fv2%2Fmedia&parent=5361"}],"curies":[{"name":"wp","href":"https:\/\/api.w.org\/{rel}","templated":true}]}}