{"id":5354,"date":"2015-10-30T17:54:25","date_gmt":"2015-10-30T22:54:25","guid":{"rendered":"https:\/\/legacy.pazcondios.com\/?page_id=5354"},"modified":"2017-03-14T17:43:12","modified_gmt":"2017-03-14T22:43:12","slug":"seminario-como-serinstrumentos-de-transformacion","status":"publish","type":"page","link":"https:\/\/legacy.pazcondios.com\/?page_id=5354","title":{"rendered":"Seminario: C\u00f3mo Ser<br>Instrumentos de Transformaci\u00f3n"},"content":{"rendered":"<h3>\u00a1Bienvenido al seminario<br \/>\nC\u00f3mo Ser Instrumentos de Transformaci\u00f3n!<\/h3>\n<p>En este seminario, veremos c\u00f3mo podemos ser usados por Dios para ayudarle a obrar su transformaci\u00f3n en otros.<\/p>\n<h3>Ver la Introducci\u00f3n<\/h3>\n<p><!--https:\/\/vimeo.com\/139064435--><br \/>\n<iframe loading=\"lazy\" title=\"Intro al Seminario: C\u00f3mo Ser Instrumentos de Transformaci\u00f3n\" width=\"500\" height=\"375\" src=\"https:\/\/www.youtube.com\/embed\/CZaI3nFw5Rc?feature=oembed\" frameborder=\"0\" allow=\"accelerometer; autoplay; clipboard-write; encrypted-media; gyroscope; picture-in-picture; web-share\" referrerpolicy=\"strict-origin-when-cross-origin\" allowfullscreen><\/iframe><\/p>\n<h3>O\u00edr la Introducci\u00f3n<\/h3>\n<div class=\"wavesurfer-block wavesurfer-audio\"><div class=\"wavesurfer-player\" data-wave-color=\"#ad0000\" data-cursor-color=\"#333333\" data-progress-color=\"#178200\" data-height=\"35\" data-url=\"https:\/\/audio.pazcondios.com\/SeminarioTransformacionIntro.mp3\"><\/div><div class=\"wavesurfer-progress\"><progress class=\"wavesurfer-loading\" value=\"0\" max=\"100\"><\/progress><\/div><div class=\"wavesurfer-buttons_set\"><button type=\"button\" class=\"wavesurfer-play\"><span>Play<\/span><\/button><button type=\"button\" class=\"wavesurfer-stop\"><span>Stop<\/span><\/button><div class=\"wavesurfer-time\"><\/div><div class=\"wavesurfer-duration\"><\/div><\/div><\/div>\n<h3>Descargar la Introducci\u00f3n<\/h3>\n<p>Audio: <a href=\"https:\/\/audio.pazcondios.com\/SeminarioTransformacionIntro.mp3\" target=\"_blank\">mp3<\/a><\/p>\n<h3>5 Videos<\/h3>\n<p>C\u00f3mo Ser Instrumentos de Transformaci\u00f3n est\u00e1 compuesto de 4 sesiones, en las cuales comparto diferentes ideas que nos ayudar\u00e1n a ser instrumentos de la transformaci\u00f3n de Dios.<\/p>\n<h3>Completamente gratis<\/h3>\n<p>Igual que todos los recursos en PazConDios, el seminario C\u00f3mo Ser Instrumentos de Transformaci\u00f3n es completamente gratis. Nuestra misi\u00f3n en PazConDios es <i>Capacitar l\u00edderes para equipar a la iglesia<\/i>.<\/p>\n<h3>Compartir con el grupo<\/h3>\n<p>Despu\u00e9s de cada video, hay una \u00e1rea para comentarios. As\u00ed que todos podemos conversar y compartir nuestras experiencias, preguntas y comentarios. Durante el seminario, voy a estar participando en la conversaci\u00f3n en los comentarios. \u00a1Entonces, espero verte all\u00ed!<\/p>\n<h3>Puedes empezar ahora<\/h3>\n<p>Te invito a que entres y participes en el seminario C\u00f3mo Ser Instrumentos de Transformaci\u00f3n <a href=\"https:\/\/legacy.pazcondios.com\/?page_id=5361\">Sesi\u00f3n 1<\/a>.<\/p>\n<p>&nbsp;<\/p>\n<p>\u2014 Felipe<\/p>\n<h3>Compartir este seminario<\/h3>\n","protected":false},"excerpt":{"rendered":"<p>\u00a1Bienvenido al seminario C\u00f3mo Ser Instrumentos de Transformaci\u00f3n! En este seminario, veremos c\u00f3mo podemos ser usados por Dios para ayudarle a obrar su transformaci\u00f3n en otros. Ver la Introducci\u00f3n O\u00edr la Introducci\u00f3n Descargar la Introducci\u00f3n Audio: mp3 5 Videos C\u00f3mo Ser Instrumentos de Transformaci\u00f3n est\u00e1 compuesto de 4 sesiones, en las cuales comparto diferentes ideas [&hellip;]<\/p>\n","protected":false},"author":1,"featured_media":5409,"parent":0,"menu_order":0,"comment_status":"open","ping_status":"closed","template":"","meta":[],"_links":{"self":[{"href":"https:\/\/legacy.pazcondios.com\/index.php?rest_route=\/wp\/v2\/pages\/5354"}],"collection":[{"href":"https:\/\/legacy.pazcondios.com\/index.php?rest_route=\/wp\/v2\/pages"}],"about":[{"href":"https:\/\/legacy.pazcondios.com\/index.php?rest_route=\/wp\/v2\/types\/page"}],"author":[{"embeddable":true,"href":"https:\/\/legacy.pazcondios.com\/index.php?rest_route=\/wp\/v2\/users\/1"}],"replies":[{"embeddable":true,"href":"https:\/\/legacy.pazcondios.com\/index.php?rest_route=%2Fwp%2Fv2%2Fcomments&post=5354"}],"version-history":[{"count":18,"href":"https:\/\/legacy.pazcondios.com\/index.php?rest_route=\/wp\/v2\/pages\/5354\/revisions"}],"predecessor-version":[{"id":6042,"href":"https:\/\/legacy.pazcondios.com\/index.php?rest_route=\/wp\/v2\/pages\/5354\/revisions\/6042"}],"wp:featuredmedia":[{"embeddable":true,"href":"https:\/\/legacy.pazcondios.com\/index.php?rest_route=\/wp\/v2\/media\/5409"}],"wp:attachment":[{"href":"https:\/\/legacy.pazcondios.com\/index.php?rest_route=%2Fwp%2Fv2%2Fmedia&parent=5354"}],"curies":[{"name":"wp","href":"https:\/\/api.w.org\/{rel}","templated":true}]}}