{"id":5121,"date":"2015-05-22T19:58:24","date_gmt":"2015-05-23T00:58:24","guid":{"rendered":"https:\/\/legacy.pazcondios.com\/?page_id=5121"},"modified":"2017-03-01T15:28:19","modified_gmt":"2017-03-01T20:28:19","slug":"seminarios-en-linea","status":"publish","type":"page","link":"https:\/\/legacy.pazcondios.com\/?page_id=5121","title":{"rendered":"Seminarios En L\u00ednea"},"content":{"rendered":"<p>Para ayudarte en tu ministerio, publicamos seminarios en l\u00ednea. Los puedes ver en cualquier momento que deseas, y compartir con otros l\u00edderes o miembros de tu iglesia. Todos son completamente gratis.<\/p>\n<h2><a href=\"https:\/\/legacy.pazcondios.com\/?page_id=5687\">C\u00f3mo Tratar los Temas del Sexo y Matrimonio<\/a><\/h2>\n<a href=\"https:\/\/legacy.pazcondios.com\/?page_id=5687\"><img loading=\"lazy\" width=\"150\" height=\"200\" class=\" alignleft\" style=\"display: block; border: 1px solid gray; margin-left: auto; margin-right: auto;\" src=\"http:\/\/imagenes.pazcondios.com\/matrimonio_seminario_cuadro.jpg\" alt=\"\" \/><\/a>\n<blockquote><p>En este seminario, veremos c\u00f3mo glorificar a Dios en nuestra vida matrimonial y rom\u00e1ntica.<\/p><\/blockquote>\n<p>&nbsp;<\/p>\n<p>&nbsp;<\/p>\n<h2><a href=\"https:\/\/legacy.pazcondios.com\/?page_id=5354\">C\u00f3mo Ser Instrumentos de Transformaci\u00f3n<\/a><\/h2>\n<a href=\"https:\/\/legacy.pazcondios.com\/?page_id=5354\"><img loading=\"lazy\" width=\"150\" height=\"200\" class=\" alignleft\" style=\"display: block; border: 1px solid gray; margin-left: auto; margin-right: auto;\" src=\"http:\/\/imagenes.pazcondios.com\/instrumentos_cuadro.jpg\" alt=\"\" \/><\/a>\n<blockquote><p>En este seminario, veremos c\u00f3mo ser instrumentos de la transformaci\u00f3n de Dios.<\/p><\/blockquote>\n<p>&nbsp;<\/p>\n<p>&nbsp;<\/p>\n<h2><a href=\"https:\/\/legacy.pazcondios.com\/?page_id=4796\">C\u00f3mo Desarrollar Ra\u00edces Profundas<\/a><\/h2>\n<a href=\"https:\/\/legacy.pazcondios.com\/?page_id=4796\"><img loading=\"lazy\" width=\"150\" height=\"200\" class=\" alignleft\" style=\"display: block; border: 1px solid gray; margin-left: auto; margin-right: auto;\" src=\"http:\/\/imagenes.pazcondios.com\/raicesprofundas_cuadro.jpg\" alt=\"\" \/><\/a>\n<blockquote><p>En este seminario, veremos c\u00f3mo guiar a otras personas a madurarse en su fe, y as\u00ed desarrollar ra\u00edces profundas en Cristo.<\/p><\/blockquote>\n<p>&nbsp;<\/p>\n<p>&nbsp;<\/p>\n<h2><a href=\"https:\/\/legacy.pazcondios.com\/?page_id=4533\">C\u00f3mo Preparar Mensajes de Impacto<\/a><\/h2>\n<a href=\"https:\/\/legacy.pazcondios.com\/?page_id=4533\"><img loading=\"lazy\" width=\"150\" height=\"200\" class=\" alignleft\" style=\"display: block; border: 1px solid gray; margin-left: auto; margin-right: auto;\" src=\"http:\/\/imagenes.iwantpeacewithgod.com\/mensajesdeimpacto_cuadro.jpg\" alt=\"\" \/><\/a>\n<blockquote><p>En este seminario, veremos c\u00f3mo podemos preparar sermones, pr\u00e9dicas y estudios que tengan un impacto en nuestros oyentes.<\/p><\/blockquote>\n","protected":false},"excerpt":{"rendered":"<p>Para ayudarte en tu ministerio, publicamos seminarios en l\u00ednea. Los puedes ver en cualquier momento que deseas, y compartir con otros l\u00edderes o miembros de tu iglesia. Todos son completamente gratis. C\u00f3mo Tratar los Temas del Sexo y Matrimonio En este seminario, veremos c\u00f3mo glorificar a Dios en nuestra vida matrimonial y rom\u00e1ntica. &nbsp; &nbsp; [&hellip;]<\/p>\n","protected":false},"author":1,"featured_media":0,"parent":0,"menu_order":0,"comment_status":"open","ping_status":"open","template":"","meta":[],"_links":{"self":[{"href":"https:\/\/legacy.pazcondios.com\/index.php?rest_route=\/wp\/v2\/pages\/5121"}],"collection":[{"href":"https:\/\/legacy.pazcondios.com\/index.php?rest_route=\/wp\/v2\/pages"}],"about":[{"href":"https:\/\/legacy.pazcondios.com\/index.php?rest_route=\/wp\/v2\/types\/page"}],"author":[{"embeddable":true,"href":"https:\/\/legacy.pazcondios.com\/index.php?rest_route=\/wp\/v2\/users\/1"}],"replies":[{"embeddable":true,"href":"https:\/\/legacy.pazcondios.com\/index.php?rest_route=%2Fwp%2Fv2%2Fcomments&post=5121"}],"version-history":[{"count":11,"href":"https:\/\/legacy.pazcondios.com\/index.php?rest_route=\/wp\/v2\/pages\/5121\/revisions"}],"predecessor-version":[{"id":5993,"href":"https:\/\/legacy.pazcondios.com\/index.php?rest_route=\/wp\/v2\/pages\/5121\/revisions\/5993"}],"wp:attachment":[{"href":"https:\/\/legacy.pazcondios.com\/index.php?rest_route=%2Fwp%2Fv2%2Fmedia&parent=5121"}],"curies":[{"name":"wp","href":"https:\/\/api.w.org\/{rel}","templated":true}]}}