{"id":5095,"date":"2015-05-22T17:13:41","date_gmt":"2015-05-22T22:13:41","guid":{"rendered":"https:\/\/legacy.pazcondios.com\/?page_id=5095"},"modified":"2020-05-28T13:15:22","modified_gmt":"2020-05-28T18:15:22","slug":"nuestros-libros","status":"publish","type":"page","link":"https:\/\/legacy.pazcondios.com\/?page_id=5095","title":{"rendered":"Nuestros Libros"},"content":{"rendered":"\n<p>Queremos colaborar contigo en tu ministerio. Hemos publicado varios libros que puedes usar para tu propia preparaci\u00f3n y \u00e1nimo, y para equipar a las personas en tu iglesia o ministerio.<\/p>\n\n\n\n<p>Todos son escritos en espa\u00f1ol (puedes conseguir las traducciones en \u00edngles en el bot\u00f3n que dice &#8220;English&#8221;), y <strong>puedes descargar los libros electr\u00f3nicos completamente gratis<\/strong>.<\/p>\n\n\n\n<h2><a href=\"https:\/\/legacy.pazcondios.com\/?page_id=2508\">Mi Pr\u00f3ximo Paso (\u00a1Nueva Edici\u00f3n!)<\/a><\/h2>\n\n\n\n<div class=\"wp-block-image\"><figure class=\"alignleft\"><a href=\"https:\/\/legacy.pazcondios.com\/?page_id=2508\"><img style=\"border: 1px solid black;\"src=\"http:\/\/imagenes.pazcondios.com\/mpp_portada.png\" alt=\"\"\/><\/a><\/figure><\/div>\n\n\n\n<blockquote class=\"wp-block-quote\"><p>\u00bfQu\u00e9 hacemos despu\u00e9s de tomar la decisi\u00f3n de seguir a Jes\u00fas? \u00bfAsistir a la iglesia? \u00bfTratar de ser una mejor persona? \u00bfLeer la biblia? Si no supieramos mejor, pensariamos que ser un cristiano significa ser una mejor persona y asistir a la iglesia.  En realidad, la biblia dice algo completamente diferente. Dice que ser un cristiano significa vivir la vida como Jes\u00fas la viv\u00eda. Esto es muy diferente que solo ser bueno y asistir a la iglesia.<\/p><p>Entonces, \u00bfc\u00f3mo vivimos como Jes\u00fas viv\u00eda?  Este sitio contiene cinco estudios que explican, en t\u00e9rminos pr\u00e1cticos, como podemos imitar a Jes\u00fas en nuestra vida diaria.<\/p><\/blockquote>\n\n\n\n<div style=\"height:100px\" aria-hidden=\"true\" class=\"wp-block-spacer\"><\/div>\n\n\n\n<h2><a href=\"https:\/\/legacy.pazcondios.com\/?page_id=6756\">Bloques: Gu\u00eda esencial para el l\u00edder en la iglesia<\/a><\/h2>\n\n\n\n<div class=\"wp-block-image\"><figure class=\"alignleft\"><a href=\"https:\/\/legacy.pazcondios.com\/?page_id=6756\"><img  style=\"border: 1px solid black;\"src=\"http:\/\/imagenes.pazcondios.com\/bloques_libro.png\" alt=\"\"\/><\/a><\/figure><\/div>\n\n\n\n<div class=\"wp-container-1 wp-block-group\"><div class=\"wp-block-group__inner-container\">\n<blockquote class=\"wp-block-quote\"><p>Para el l\u00edder en la iglesia, hay varias ideas, principios y conceptos b\u00e1sicos que deben estar expl\u00edcitamente en el centro de su ministerio y liderazgo. Son ideas que forman la base de todo lo que hace como l\u00edder. Son ideas fundamentales y centrales, que pueden guiar a su trabajo en el Reino de Jes\u00fas.<\/p><p>En Bloques, encontrar\u00e1s algunas de las ideas m\u00e1s importantes y esenciales para cualquier l\u00edder en la iglesia. Son conceptos que vienen directamente de la Palabra de Dios. Son principios que deben guiar y moldear al liderazgo espiritual en el Reino de Jes\u00fas, para que la iglesia de Jes\u00fas sea edificada y Dios reciba gloria.<\/p><\/blockquote>\n<\/div><\/div>\n\n\n\n<div style=\"height:100px\" aria-hidden=\"true\" class=\"wp-block-spacer\"><\/div>\n\n\n\n<h2><a href=\" https:\/\/legacy.pazcondios.com\/?page_id=2478 \">Quiero Paz con Dios (\u00a1Nueva Edici\u00f3n!)<\/a><\/h2>\n\n\n\n<div class=\"wp-block-image\"><figure class=\"alignleft\"><a href=\" https:\/\/legacy.pazcondios.com\/?page_id=2478 \"><img style=\"border: 1px solid black;\"src=\"http:\/\/imagenes.pazcondios.com\/qpcd_portada.png\" alt=\"\"\/><\/a><\/figure><\/div>\n\n\n\n<blockquote class=\"wp-block-quote\"><p>Deseamos estar en paz con Dios. Necesitamos estar en paz con Dios. Pero, hay mucha confusi\u00f3n hoy d\u00eda acerca de como tener una relaci\u00f3n con Dios.  \u00bfQu\u00e9 significa tener paz con Dios? \u00bfQui\u00e9n tiene paz con Dios? M\u00e1s importante, \u00bfc\u00f3mo puedo estar seguro de que tengo paz con Dios?<\/p><p>Este libro contiene seis estudios que explican, directamente de la biblia, como tener paz con Dios.<\/p><\/blockquote>\n\n\n\n<div style=\"height:100px\" aria-hidden=\"true\" class=\"wp-block-spacer\"><\/div>\n\n\n\n<h2><a href=\"https:\/\/legacy.pazcondios.com\/?page_id=5693\">Un Matrimonio Formado<br>\npor el Evangelio<\/a><\/h2>\n\n\n\n<div class=\"wp-block-image\"><figure class=\"alignleft\"><a href=\"https:\/\/legacy.pazcondios.com\/?page_id=5693\"><img style=\"border: 1px solid black;\"src=\"http:\/\/imagenes.pazcondios.com\/matrimonio_libro_es.png\" alt=\"\"\/><\/a><\/figure><\/div>\n\n\n\n<blockquote class=\"wp-block-quote\"><p>Hay muchos libros que se tratan del matrimonio. Son libros llenos de consejos pr\u00e1cticos; libros con muchas teor\u00edas e ideas acerca del matrimonio.<\/p><p>La mayor\u00eda, de una forma u otra, buscan contestar la pregunta: \u00bfC\u00f3mo hacer que el matrimonio funcione bien? Muchos son excelentes, y en ellos se puede encuentrar bastante sabidur\u00eda y ayuda para la persona casada.<\/p><p>En este libro, vemos una pregunta distinta.<\/p><p>La gran pregunta que este libro contesta es: \u00bfCu\u00e1l es el prop\u00f3sito de Dios para el matrimonio? Dios \u2014 el Creador de todo \u2014 cre\u00f3 la idea del matrimonio.<\/p><p>Entonces, tiene sentido creer que entender a sus intenciones nos ayudar\u00e1 a navegar el camino de nuestro matrimonio para nuestro gozo y su gloria.<\/p><\/blockquote>\n\n\n\n<div style=\"height:100px\" aria-hidden=\"true\" class=\"wp-block-spacer\"><\/div>\n\n\n\n<h2><a href=\"https:\/\/legacy.pazcondios.com\/?page_id=5486 \">S\u00ed, Pero&#8230;<\/a><\/h2>\n\n\n\n<div class=\"wp-block-image\"><figure class=\"alignleft\"><a href=\"https:\/\/legacy.pazcondios.com\/?page_id=5486 \"><img style=\"border: 1px solid black;\"src=\"http:\/\/imagenes.pazcondios.com\/sipero_es.png\" alt=\"\"\/><\/a><\/figure><\/div>\n\n\n\n<blockquote class=\"wp-block-quote\"><p>Al escuchar la llamada de Jes\u00fas a seguirle radicalmente, empezamos a crear excusas \u2014 razones por las cuales su llamada no aplica a nosotros, o no podemos entregarnos tanto \u2014. Son barreras que nos bloquean a entregarnos completamente a Jes\u00fas, a aceptar su llamada y a vivir la vida de gran prop\u00f3sito eterno que \u00c9l tiene para sus seguidores.<\/p><p>En S\u00ed, pero\u2026, vemos algunas de las barreras m\u00e1s comunes que nos previenen de aceptar la llamada de Jes\u00fas; y aprendemos c\u00f3mo superarlas.<\/p><\/blockquote>\n\n\n\n<div style=\"height:100px\" aria-hidden=\"true\" class=\"wp-block-spacer\"><\/div>\n\n\n\n<h2><a href=\"https:\/\/legacy.pazcondios.com\/?page_id=4884 \">La Base<\/a><\/h2>\n\n\n\n<div class=\"wp-block-image\"><figure class=\"alignleft\"><a href=\"https:\/\/legacy.pazcondios.com\/?page_id=4884 \"><img style=\"border: 1px solid black;\"src=\"http:\/\/imagenes.pazcondios.com\/base_libro_es.jpg\" alt=\"\"\/><\/a><\/figure><\/div>\n\n\n\n<blockquote class=\"wp-block-quote\"><p>Existen algunas ideas grandes que sobresalen en la Biblia. Son ideas que corren por todo el texto b\u00edblico, por todas las historias, profec\u00edas, poemas y ense\u00f1anzas.&nbsp;Estas ideas forman la base de una relaci\u00f3n con Dios. Dan estructura a toda la informaci\u00f3n en la Biblia. Infunden sentido al resto de la vida.<br>\nEn La Base, examinamos estas ideas para descubrir c\u00f3mo relacionarnos correctamente con Dios, y c\u00f3mo hallar paz y gozo en \u00c9l.<\/p><\/blockquote>\n\n\n\n<div style=\"height:100px\" aria-hidden=\"true\" class=\"wp-block-spacer\"><\/div>\n\n\n\n<h2><a href=\" https:\/\/legacy.pazcondios.com\/?page_id=3827 \">S\u00edgueme<\/a><\/h2>\n\n\n\n<div class=\"wp-block-image\"><figure class=\"alignleft\"><a href=\" https:\/\/legacy.pazcondios.com\/?page_id=3827 \"><img style=\"border: 1px solid black;\"src=\"http:\/\/imagenes.pazcondios.com\/sigueme_es.jpg\" alt=\"\"\/><\/a><\/figure><\/div>\n\n\n\n<blockquote class=\"wp-block-quote\"><p>\u00bfQu\u00e9 significa seguir a Jes\u00fas?<\/p><p>Es f\u00e1cil creer que seguir a Jes\u00fas significa simplemente ir a la iglesia y ser una buena persona. \u00bfEs realmente esto lo que significa seguir al Hijo de Dios?<\/p><p>Jes\u00fas nos llama a una vida completamente diferente. Nos llama a cambiar el mundo con \u00c9l. En este libro, vemos la verdadera llamada radical de Jes\u00fas.<\/p><\/blockquote>\n","protected":false},"excerpt":{"rendered":"<p>Queremos colaborar contigo en tu ministerio. Hemos publicado varios libros que puedes usar para tu propia preparaci\u00f3n y \u00e1nimo, y para equipar a las personas en tu iglesia o ministerio. Todos son escritos en espa\u00f1ol (puedes conseguir las traducciones en \u00edngles en el bot\u00f3n que dice &#8220;English&#8221;), y puedes descargar los libros electr\u00f3nicos completamente gratis. [&hellip;]<\/p>\n","protected":false},"author":1,"featured_media":0,"parent":0,"menu_order":0,"comment_status":"open","ping_status":"open","template":"","meta":[],"_links":{"self":[{"href":"https:\/\/legacy.pazcondios.com\/index.php?rest_route=\/wp\/v2\/pages\/5095"}],"collection":[{"href":"https:\/\/legacy.pazcondios.com\/index.php?rest_route=\/wp\/v2\/pages"}],"about":[{"href":"https:\/\/legacy.pazcondios.com\/index.php?rest_route=\/wp\/v2\/types\/page"}],"author":[{"embeddable":true,"href":"https:\/\/legacy.pazcondios.com\/index.php?rest_route=\/wp\/v2\/users\/1"}],"replies":[{"embeddable":true,"href":"https:\/\/legacy.pazcondios.com\/index.php?rest_route=%2Fwp%2Fv2%2Fcomments&post=5095"}],"version-history":[{"count":38,"href":"https:\/\/legacy.pazcondios.com\/index.php?rest_route=\/wp\/v2\/pages\/5095\/revisions"}],"predecessor-version":[{"id":8392,"href":"https:\/\/legacy.pazcondios.com\/index.php?rest_route=\/wp\/v2\/pages\/5095\/revisions\/8392"}],"wp:attachment":[{"href":"https:\/\/legacy.pazcondios.com\/index.php?rest_route=%2Fwp%2Fv2%2Fmedia&parent=5095"}],"curies":[{"name":"wp","href":"https:\/\/api.w.org\/{rel}","templated":true}]}}