{"id":4901,"date":"2015-02-20T14:58:14","date_gmt":"2015-02-20T19:58:14","guid":{"rendered":"https:\/\/legacy.pazcondios.com\/?page_id=4901"},"modified":"2017-03-14T17:52:20","modified_gmt":"2017-03-14T22:52:20","slug":"seminario-como-desarrollarraices-profundas-sesion-4-2","status":"publish","type":"page","link":"https:\/\/legacy.pazcondios.com\/?page_id=4901","title":{"rendered":"Seminario C\u00f3mo Desarrollar<br \/>Ra\u00edces Profundas: Sesi\u00f3n 4"},"content":{"rendered":"<h3>Ver la sesi\u00f3n<\/h3>\n<p><!--http:\/\/www.vimeo.com\/118442970--><br \/>\n<iframe loading=\"lazy\" title=\"Raices Profundas Sesion 4\" width=\"500\" height=\"375\" src=\"https:\/\/www.youtube.com\/embed\/c5qveKSuUTE?feature=oembed\" frameborder=\"0\" allow=\"accelerometer; autoplay; clipboard-write; encrypted-media; gyroscope; picture-in-picture; web-share\" referrerpolicy=\"strict-origin-when-cross-origin\" allowfullscreen><\/iframe><\/p>\n<h3>O\u00edr la sesi\u00f3n<\/h3>\n<div class=\"wavesurfer-block wavesurfer-audio\"><div class=\"wavesurfer-player\" data-wave-color=\"#ad0000\" data-cursor-color=\"#333333\" data-progress-color=\"#178200\" data-height=\"35\" data-url=\"https:\/\/audio.pazcondios.com\/RaicesProfundasSesion4.mp3\"><\/div><div class=\"wavesurfer-progress\"><progress class=\"wavesurfer-loading\" value=\"0\" max=\"100\"><\/progress><\/div><div class=\"wavesurfer-buttons_set\"><button type=\"button\" class=\"wavesurfer-play\"><span>Play<\/span><\/button><button type=\"button\" class=\"wavesurfer-stop\"><span>Stop<\/span><\/button><div class=\"wavesurfer-time\"><\/div><div class=\"wavesurfer-duration\"><\/div><\/div><\/div>\n<h3>Descargar esta sesi\u00f3n<\/h3>\n<p>Audio: <a target=\"_blank\" href=\"https:\/\/audio.pazcondios.com\/RaicesProfundasSesion4.mp3\">mp3<\/a>&nbsp;  Video: <a target=\"_blank\" href=\"http:\/\/video.pazcondios.com\/raicesprofundassesion4.mp4\">mp4<\/a><\/p>\n<h3>Libro electr\u00f3nico GRATIS<\/h3>\n<p>Hoy te ofrecemos el nuevo libro electr\u00f3nico <a href=\"https:\/\/legacy.pazcondios.com\/?page_id=4884\">La Base<\/a> completamente gratis; es nuestro regalo a ti:<br \/>\n<a href=\"https:\/\/recursos.pazcondios.com\/libros\/base\/base_es.pdf\" target=\"_blank\">Bajar el libro electr\u00f3nico<\/a><br \/>\n<\/p>\n<h3>Invitar a otro<\/h3>\n\n<h3>Compartir este seminario<\/h3>\n","protected":false},"excerpt":{"rendered":"<p>Ver la sesi\u00f3n O\u00edr la sesi\u00f3n Descargar esta sesi\u00f3n Audio: mp3&nbsp; Video: mp4 Libro electr\u00f3nico GRATIS Hoy te ofrecemos el nuevo libro electr\u00f3nico La Base completamente gratis; es nuestro regalo a ti: Bajar el libro electr\u00f3nico Invitar a otro Compartir este seminario<\/p>\n","protected":false},"author":1,"featured_media":4806,"parent":4796,"menu_order":0,"comment_status":"open","ping_status":"open","template":"","meta":[],"_links":{"self":[{"href":"https:\/\/legacy.pazcondios.com\/index.php?rest_route=\/wp\/v2\/pages\/4901"}],"collection":[{"href":"https:\/\/legacy.pazcondios.com\/index.php?rest_route=\/wp\/v2\/pages"}],"about":[{"href":"https:\/\/legacy.pazcondios.com\/index.php?rest_route=\/wp\/v2\/types\/page"}],"author":[{"embeddable":true,"href":"https:\/\/legacy.pazcondios.com\/index.php?rest_route=\/wp\/v2\/users\/1"}],"replies":[{"embeddable":true,"href":"https:\/\/legacy.pazcondios.com\/index.php?rest_route=%2Fwp%2Fv2%2Fcomments&post=4901"}],"version-history":[{"count":7,"href":"https:\/\/legacy.pazcondios.com\/index.php?rest_route=\/wp\/v2\/pages\/4901\/revisions"}],"predecessor-version":[{"id":6050,"href":"https:\/\/legacy.pazcondios.com\/index.php?rest_route=\/wp\/v2\/pages\/4901\/revisions\/6050"}],"up":[{"embeddable":true,"href":"https:\/\/legacy.pazcondios.com\/index.php?rest_route=\/wp\/v2\/pages\/4796"}],"wp:featuredmedia":[{"embeddable":true,"href":"https:\/\/legacy.pazcondios.com\/index.php?rest_route=\/wp\/v2\/media\/4806"}],"wp:attachment":[{"href":"https:\/\/legacy.pazcondios.com\/index.php?rest_route=%2Fwp%2Fv2%2Fmedia&parent=4901"}],"curies":[{"name":"wp","href":"https:\/\/api.w.org\/{rel}","templated":true}]}}