{"id":4884,"date":"2015-02-20T14:35:53","date_gmt":"2015-02-20T19:35:53","guid":{"rendered":"https:\/\/legacy.pazcondios.com\/?page_id=4884"},"modified":"2015-07-07T14:47:43","modified_gmt":"2015-07-07T19:47:43","slug":"la-base","status":"publish","type":"page","link":"https:\/\/legacy.pazcondios.com\/?page_id=4884","title":{"rendered":"La Base"},"content":{"rendered":"<p><center><img style=\"border: 1px solid black;\"  src=\"http:\/\/imagenes.pazcondios.com\/base_libro_es.jpg\"\/><\/center><\/p>\n<p>La Base: Creencias fundamentales de la fe Cristiana<\/p>\n<h3>Libro Electr\u00f3nico Gratis<\/h3>\n<p><a href=\"https:\/\/recursos.pazcondios.com\/libros\/base\/base_es.pdf\" target=\"_blank\">Descargar el libro electr\u00f3nico<\/a><\/p>\n<blockquote><p>En la Biblia, hay muchas historias, profec\u00edas, poemas, ense\u00f1anzas, ideas, ejemplos e instrucciones. Es mucha informaci\u00f3n acerca de Dios, de nosotros y de c\u00f3mo relacionarnos con \u00c9l.<\/p>\n<p>No obstante, tanta informaci\u00f3n puede introducir confusi\u00f3n. Cuesta integrar esta cantidad de diferentes ideas. Es dificil saber qu\u00e9 significa todo, y c\u00f3mo formular convicciones y opiniones verdaderas.<\/p>\n<p>Ser\u00eda sumamente provechoso si en la Biblia hubiera algunas ideas b\u00e1sicas \u2014 unos principios fundamentales y conceptos unificadores \u2014.<\/p>\n<p>La realidad es que s\u00ed, existen algunas ideas grandes que sobresalen en la Biblia. Son ideas que corren por todo el texto b\u00edblico, por todas las historias, profec\u00edas, poemas y ense\u00f1anzas.<\/p>\n<p>Estas ideas forman la base de una relaci\u00f3n con Dios. Dan estructura a toda la informaci\u00f3n en la Biblia. Infunden sentido al resto de la vida.<\/p>\n<p>En La Base, examinamos estas ideas para descubrir c\u00f3mo relacionarnos correctamente con Dios, y c\u00f3mo hallar paz y gozo en \u00c9l.<\/p><\/blockquote>\n<h3>Lea el libro<\/h3>\n<p>Estamos <strong>regalando<\/strong> el libro digital<br \/><em>(Nada mas pedimos que los compartes gratuitamente tambi\u00e9n.)<\/em><br \/>\n<a href=\"https:\/\/recursos.pazcondios.com\/libros\/base\/base_es.pdf\" target=\"_blank\">Descargar el libro electr\u00f3nico<\/a><\/p>\n<h3>Serm\u00f3n de introducci\u00f3n<\/h3>\n<p><a href=\"https:\/\/legacy.pazcondios.com\/?p=5196\">Presentando: La Base<\/a><\/p>\n<h3>Usa el libro en tu ministerio<\/h3>\n<p>\u00bfTe gustar\u00eda usar el libro La Base en tu iglesia?<\/p>\n<p>Yo prediqu\u00e9 este material en nuestra iglesia, y tu puedes hacer lo mismo. Los mensajes de esta serie te pueden servir de ejemplo de c\u00f3mo puedes usar el libro La Base en tu ministerio de ense\u00f1anza y predicacci\u00f3n. <\/p>\n<p>Tambi\u00e9n, puedes utilizar los videos en una clase o grupos hogare\u00f1os. <\/p>\n<p><a href=\"https:\/\/legacy.pazcondios.com\/?p=4956\" title=\"El serm\u00f3n del La Base cap\u00edtulo 1\">El serm\u00f3n del La Base cap\u00edtulo 1<\/a><br \/>\n<a href=\"https:\/\/legacy.pazcondios.com\/?p=4981\" title=\"El serm\u00f3n del La Base cap\u00edtulo 2\">El serm\u00f3n del La Base cap\u00edtulo 2<\/a><br \/>\n<a href=\"https:\/\/legacy.pazcondios.com\/?p=4996\" title=\"El serm\u00f3n del La Base cap\u00edtulo 3\">El serm\u00f3n del La Base cap\u00edtulo 3<\/a><br \/>\n<a href=\"https:\/\/legacy.pazcondios.com\/?p=5002\" title=\"El serm\u00f3n del La Base cap\u00edtulo 4\">El serm\u00f3n del La Base cap\u00edtulo 4<\/a><br \/>\n<a href=\"https:\/\/legacy.pazcondios.com\/?p=5015\" title=\"El serm\u00f3n del La Base cap\u00edtulo 5\">El serm\u00f3n del La Base cap\u00edtulo 5<\/a><br \/>\n<a href=\"https:\/\/legacy.pazcondios.com\/?p=5047\" title=\"El serm\u00f3n del La Base cap\u00edtulo 6\">El serm\u00f3n del La Base cap\u00edtulo 6<\/a><br \/>\n<a href=\"https:\/\/legacy.pazcondios.com\/?p=5076\" title=\"El serm\u00f3n del La Base cap\u00edtulo 7\">El serm\u00f3n del La Base cap\u00edtulo 7<\/a><\/p>\n","protected":false},"excerpt":{"rendered":"<p>La Base: Creencias fundamentales de la fe Cristiana Libro Electr\u00f3nico Gratis Descargar el libro electr\u00f3nico En la Biblia, hay muchas historias, profec\u00edas, poemas, ense\u00f1anzas, ideas, ejemplos e instrucciones. Es mucha informaci\u00f3n acerca de Dios, de nosotros y de c\u00f3mo relacionarnos con \u00c9l. No obstante, tanta informaci\u00f3n puede introducir confusi\u00f3n. Cuesta integrar esta cantidad de diferentes [&hellip;]<\/p>\n","protected":false},"author":1,"featured_media":0,"parent":5095,"menu_order":0,"comment_status":"open","ping_status":"open","template":"","meta":[],"_links":{"self":[{"href":"https:\/\/legacy.pazcondios.com\/index.php?rest_route=\/wp\/v2\/pages\/4884"}],"collection":[{"href":"https:\/\/legacy.pazcondios.com\/index.php?rest_route=\/wp\/v2\/pages"}],"about":[{"href":"https:\/\/legacy.pazcondios.com\/index.php?rest_route=\/wp\/v2\/types\/page"}],"author":[{"embeddable":true,"href":"https:\/\/legacy.pazcondios.com\/index.php?rest_route=\/wp\/v2\/users\/1"}],"replies":[{"embeddable":true,"href":"https:\/\/legacy.pazcondios.com\/index.php?rest_route=%2Fwp%2Fv2%2Fcomments&post=4884"}],"version-history":[{"count":13,"href":"https:\/\/legacy.pazcondios.com\/index.php?rest_route=\/wp\/v2\/pages\/4884\/revisions"}],"predecessor-version":[{"id":5202,"href":"https:\/\/legacy.pazcondios.com\/index.php?rest_route=\/wp\/v2\/pages\/4884\/revisions\/5202"}],"up":[{"embeddable":true,"href":"https:\/\/legacy.pazcondios.com\/index.php?rest_route=\/wp\/v2\/pages\/5095"}],"wp:attachment":[{"href":"https:\/\/legacy.pazcondios.com\/index.php?rest_route=%2Fwp%2Fv2%2Fmedia&parent=4884"}],"curies":[{"name":"wp","href":"https:\/\/api.w.org\/{rel}","templated":true}]}}