{"id":4796,"date":"2015-02-03T14:09:57","date_gmt":"2015-02-03T19:09:57","guid":{"rendered":"https:\/\/legacy.pazcondios.com\/?page_id=4796"},"modified":"2015-02-10T11:12:51","modified_gmt":"2015-02-10T16:12:51","slug":"seminario-como-desarrollarraices-profundas","status":"publish","type":"page","link":"https:\/\/legacy.pazcondios.com\/?page_id=4796","title":{"rendered":"Seminario: C\u00f3mo Desarrollar<br>Ra\u00edces Profundas"},"content":{"rendered":"<h3>\u00a1Bienvenido al seminario C\u00f3mo Desarrollar Ra\u00edces Profundas!<\/h3>\n<p>En este seminario, veremos c\u00f3mo guiar a otras personas a madurarse en su fe, y as\u00ed desarrollar ra\u00edces profundas en Cristo.<\/p>\n<h3>4 Videos<\/h3>\n<p>C\u00f3mo Desarrollar Ra\u00edces Profundas est\u00e1 compuesto de 4 videos, en los cuales comparto diferentes soluciones a las barreras m\u00e1s comunes que nos bloquean en el trabajo de guiar a otros a plantarse y establecer ra\u00edces profundas.<\/p>\n<h3>Completamente gratis<\/h3>\n<p>Igual que todos los recursos en PazConDios, el seminario C\u00f3mo Desarrollar Ra\u00edces Profundas es completamente gratis. Nuestra misi\u00f3n en PazConDios es <i>Capacitar l\u00edderes para equipar a la iglesia<\/i>.<\/p>\n<h3>Compartir con el grupo<\/h3>\n<p>Despu\u00e9s de cada video, hay una \u00e1rea para comentarios. As\u00ed que todos podemos conversar y compartir nuestras experiencias, preguntas y comentarios.<\/p>\n<h3>Puedes empezar ahora<\/h3>\n<p>Te invito a que entres y participes en el seminario C\u00f3mo Desarrollar Ra\u00edces Profundas <a href=\"https:\/\/legacy.pazcondios.com\/?page_id=4848\">Sesi\u00f3n 1<\/a>.<\/p>\n<p>\nDurante el seminario, voy a estar participando en la conversaci\u00f3n en los comentarios. \u00a1Entonces, espero verte all\u00ed!<\/p>\n<p>\u2014 Felipe<\/p>\n<h3>P.D. Inscribirte en PazConDios<\/h3>\n<p>Quiero invitarte a inscribirte a la lista de PazConDios. As\u00ed te avisar\u00e9 cada vez que publicamos nuevos recursos que puedes usar en tu ministerio. As\u00ed nunca perder\u00e1s el nuevo libro, seminario o mensaje. <b>\u00a1Y de paso te regalaremos el libro electr\u00f3nico S\u00edgueme completamente gratis!<\/b><br \/>\n<\/p>\n<h3>Invitar a otro<\/h3>\n\n<h3>Compartir este seminario<\/h3>\n","protected":false},"excerpt":{"rendered":"<p>\u00a1Bienvenido al seminario C\u00f3mo Desarrollar Ra\u00edces Profundas! En este seminario, veremos c\u00f3mo guiar a otras personas a madurarse en su fe, y as\u00ed desarrollar ra\u00edces profundas en Cristo. 4 Videos C\u00f3mo Desarrollar Ra\u00edces Profundas est\u00e1 compuesto de 4 videos, en los cuales comparto diferentes soluciones a las barreras m\u00e1s comunes que nos bloquean en el [&hellip;]<\/p>\n","protected":false},"author":1,"featured_media":4806,"parent":0,"menu_order":0,"comment_status":"open","ping_status":"open","template":"","meta":[],"_links":{"self":[{"href":"https:\/\/legacy.pazcondios.com\/index.php?rest_route=\/wp\/v2\/pages\/4796"}],"collection":[{"href":"https:\/\/legacy.pazcondios.com\/index.php?rest_route=\/wp\/v2\/pages"}],"about":[{"href":"https:\/\/legacy.pazcondios.com\/index.php?rest_route=\/wp\/v2\/types\/page"}],"author":[{"embeddable":true,"href":"https:\/\/legacy.pazcondios.com\/index.php?rest_route=\/wp\/v2\/users\/1"}],"replies":[{"embeddable":true,"href":"https:\/\/legacy.pazcondios.com\/index.php?rest_route=%2Fwp%2Fv2%2Fcomments&post=4796"}],"version-history":[{"count":5,"href":"https:\/\/legacy.pazcondios.com\/index.php?rest_route=\/wp\/v2\/pages\/4796\/revisions"}],"predecessor-version":[{"id":4856,"href":"https:\/\/legacy.pazcondios.com\/index.php?rest_route=\/wp\/v2\/pages\/4796\/revisions\/4856"}],"wp:featuredmedia":[{"embeddable":true,"href":"https:\/\/legacy.pazcondios.com\/index.php?rest_route=\/wp\/v2\/media\/4806"}],"wp:attachment":[{"href":"https:\/\/legacy.pazcondios.com\/index.php?rest_route=%2Fwp%2Fv2%2Fmedia&parent=4796"}],"curies":[{"name":"wp","href":"https:\/\/api.w.org\/{rel}","templated":true}]}}