{"id":4773,"date":"2015-01-12T13:13:38","date_gmt":"2015-01-12T18:13:38","guid":{"rendered":"https:\/\/legacy.pazcondios.com\/?page_id=4773"},"modified":"2015-11-03T13:07:05","modified_gmt":"2015-11-03T18:07:05","slug":"acceso-directo","status":"publish","type":"page","link":"https:\/\/legacy.pazcondios.com\/?page_id=4773","title":{"rendered":"Acceso Directo"},"content":{"rendered":"<p>En Acceso Directo, puedes recibir los bosquejos de las pr\u00e9dicas de PazConDios al principio de cada semana. Si usas los mensajes de PazConDios en tu ministerio de predicar y ense\u00f1ar, puedes tener el nuevo mensaje cuanto lo termino de escribir. Al finalizar mis notas, te enviar\u00e9 mi manuscrito. As\u00ed que puedes empezar a usarlo en la preparaci\u00f3n de tu pr\u00f3xima ense\u00f1anza o serm\u00f3n.<\/p>\n<h3>Inscribirte a Acceso Directo<\/h3>\n<p>Te invito a que te inscribas a la lista de Acceso Directo. Cuando te inscribas, empezar\u00e9 a enviarte el manuscrito del mensaje de cada semana en cuanto est\u00e9 terminado. As\u00ed podr\u00e1s usarlo para ayudarte a preparar tu pr\u00f3ximo mensaje o ense\u00f1anza.<\/p>\n<div style=\"text-align: center; width: 100%; margin: auto;\"><iframe loading=\"lazy\" style=\"width: 600px;\" src=\"https:\/\/madmimi.com\/signups\/128371\/iframe\" width=\"300\" height=\"186\" frameborder=\"0\" scrolling=\"no\"><\/iframe><\/div>\n","protected":false},"excerpt":{"rendered":"<p>En Acceso Directo, puedes recibir los bosquejos de las pr\u00e9dicas de PazConDios al principio de cada semana. Si usas los mensajes de PazConDios en tu ministerio de predicar y ense\u00f1ar, puedes tener el nuevo mensaje cuanto lo termino de escribir. Al finalizar mis notas, te enviar\u00e9 mi manuscrito. As\u00ed que puedes empezar a usarlo en [&hellip;]<\/p>\n","protected":false},"author":1,"featured_media":0,"parent":0,"menu_order":0,"comment_status":"open","ping_status":"open","template":"","meta":[],"_links":{"self":[{"href":"https:\/\/legacy.pazcondios.com\/index.php?rest_route=\/wp\/v2\/pages\/4773"}],"collection":[{"href":"https:\/\/legacy.pazcondios.com\/index.php?rest_route=\/wp\/v2\/pages"}],"about":[{"href":"https:\/\/legacy.pazcondios.com\/index.php?rest_route=\/wp\/v2\/types\/page"}],"author":[{"embeddable":true,"href":"https:\/\/legacy.pazcondios.com\/index.php?rest_route=\/wp\/v2\/users\/1"}],"replies":[{"embeddable":true,"href":"https:\/\/legacy.pazcondios.com\/index.php?rest_route=%2Fwp%2Fv2%2Fcomments&post=4773"}],"version-history":[{"count":6,"href":"https:\/\/legacy.pazcondios.com\/index.php?rest_route=\/wp\/v2\/pages\/4773\/revisions"}],"predecessor-version":[{"id":5371,"href":"https:\/\/legacy.pazcondios.com\/index.php?rest_route=\/wp\/v2\/pages\/4773\/revisions\/5371"}],"wp:attachment":[{"href":"https:\/\/legacy.pazcondios.com\/index.php?rest_route=%2Fwp%2Fv2%2Fmedia&parent=4773"}],"curies":[{"name":"wp","href":"https:\/\/api.w.org\/{rel}","templated":true}]}}