{"id":4726,"date":"2014-12-19T15:02:14","date_gmt":"2014-12-19T20:02:14","guid":{"rendered":"https:\/\/legacy.pazcondios.com\/?page_id=4726"},"modified":"2017-03-14T17:59:08","modified_gmt":"2017-03-14T22:59:08","slug":"seminario-como-preparar-mensajes-de-impacto-sesion-4","status":"publish","type":"page","link":"https:\/\/legacy.pazcondios.com\/?page_id=4726","title":{"rendered":"Seminario C\u00f3mo Preparar <br> Mensajes de Impacto: Sesi\u00f3n 4"},"content":{"rendered":"<h3>Ver la sesi\u00f3n<\/h3>\n<p><!--http:\/\/www.vimeo.com\/video\/115010730--><br \/>\n<iframe loading=\"lazy\" title=\"Mensajes de Impacto Sesion 4\" width=\"500\" height=\"375\" src=\"https:\/\/www.youtube.com\/embed\/hv6ugI3cYVw?feature=oembed\" frameborder=\"0\" allow=\"accelerometer; autoplay; clipboard-write; encrypted-media; gyroscope; picture-in-picture; web-share\" referrerpolicy=\"strict-origin-when-cross-origin\" allowfullscreen><\/iframe><\/p>\n<h3>O\u00edr la sesi\u00f3n<\/h3>\n<div class=\"wavesurfer-block wavesurfer-audio\"><div class=\"wavesurfer-player\" data-wave-color=\"#ad0000\" data-cursor-color=\"#333333\" data-progress-color=\"#178200\" data-height=\"35\" data-url=\"https:\/\/audio.pazcondios.com\/mensajesdeimpactosesion4.mp3\"><\/div><div class=\"wavesurfer-progress\"><progress class=\"wavesurfer-loading\" value=\"0\" max=\"100\"><\/progress><\/div><div class=\"wavesurfer-buttons_set\"><button type=\"button\" class=\"wavesurfer-play\"><span>Play<\/span><\/button><button type=\"button\" class=\"wavesurfer-stop\"><span>Stop<\/span><\/button><div class=\"wavesurfer-time\"><\/div><div class=\"wavesurfer-duration\"><\/div><\/div><\/div>\n<h3>Descargar esta sesi\u00f3n<\/h3>\n<p>Audio: <a target=\"_blank\" href=\"https:\/\/audio.pazcondios.com\/mensajesdeimpactosesion4.mp3\">mp3<\/a>&nbsp; Video: <a target=\"_blank\" href=\"http:\/\/video.pazcondios.com\/mensajesdeimpactosesion4.mp4\">mp4<\/a><\/p>\n<h3>Inscribirte a Acceso Directo<\/h3>\n<p>Te invito a que te inscribas a la lista de Acceso Directo Por ser parte de Aceso Directo, te enviar\u00e9 el manuscrito del mensaje de cada semana en no mas que est\u00e1 terminado. As\u00ed que podr\u00e1s usarlo para ayudarte a preparar tu pr\u00f3ximo mensaje o ense\u00f1anza.<\/p>\n<div style=\"text-align:center;width:100%;margin: auto;\">\n    <iframe src=\"https:\/\/madmimi.com\/signups\/128371\/iframe\" scrolling=\"no\" frameborder=\"0\" height=\"186\" style=\"width: 600px;\"><\/iframe>\n<\/div>\n<p><\/p>\n<h3>Invitar a otro<\/h3>\n\n<h3>Compartir este seminario<\/h3>\n","protected":false},"excerpt":{"rendered":"<p>Ver la sesi\u00f3n O\u00edr la sesi\u00f3n Descargar esta sesi\u00f3n Audio: mp3&nbsp; Video: mp4 Inscribirte a Acceso Directo Te invito a que te inscribas a la lista de Acceso Directo Por ser parte de Aceso Directo, te enviar\u00e9 el manuscrito del mensaje de cada semana en no mas que est\u00e1 terminado. As\u00ed que podr\u00e1s usarlo para [&hellip;]<\/p>\n","protected":false},"author":1,"featured_media":4505,"parent":4533,"menu_order":0,"comment_status":"open","ping_status":"open","template":"","meta":[],"_links":{"self":[{"href":"https:\/\/legacy.pazcondios.com\/index.php?rest_route=\/wp\/v2\/pages\/4726"}],"collection":[{"href":"https:\/\/legacy.pazcondios.com\/index.php?rest_route=\/wp\/v2\/pages"}],"about":[{"href":"https:\/\/legacy.pazcondios.com\/index.php?rest_route=\/wp\/v2\/types\/page"}],"author":[{"embeddable":true,"href":"https:\/\/legacy.pazcondios.com\/index.php?rest_route=\/wp\/v2\/users\/1"}],"replies":[{"embeddable":true,"href":"https:\/\/legacy.pazcondios.com\/index.php?rest_route=%2Fwp%2Fv2%2Fcomments&post=4726"}],"version-history":[{"count":21,"href":"https:\/\/legacy.pazcondios.com\/index.php?rest_route=\/wp\/v2\/pages\/4726\/revisions"}],"predecessor-version":[{"id":6055,"href":"https:\/\/legacy.pazcondios.com\/index.php?rest_route=\/wp\/v2\/pages\/4726\/revisions\/6055"}],"up":[{"embeddable":true,"href":"https:\/\/legacy.pazcondios.com\/index.php?rest_route=\/wp\/v2\/pages\/4533"}],"wp:featuredmedia":[{"embeddable":true,"href":"https:\/\/legacy.pazcondios.com\/index.php?rest_route=\/wp\/v2\/media\/4505"}],"wp:attachment":[{"href":"https:\/\/legacy.pazcondios.com\/index.php?rest_route=%2Fwp%2Fv2%2Fmedia&parent=4726"}],"curies":[{"name":"wp","href":"https:\/\/api.w.org\/{rel}","templated":true}]}}