{"id":4690,"date":"2014-12-10T19:30:11","date_gmt":"2014-12-11T00:30:11","guid":{"rendered":"https:\/\/legacy.pazcondios.com\/?page_id=4690"},"modified":"2017-03-14T17:54:49","modified_gmt":"2017-03-14T22:54:49","slug":"seminario-como-preparar-mensajes-de-impacto-sesion-2","status":"publish","type":"page","link":"https:\/\/legacy.pazcondios.com\/?page_id=4690","title":{"rendered":"Seminario C\u00f3mo Preparar <br> Mensajes de Impacto: Sesi\u00f3n 2"},"content":{"rendered":"<h3>Ver la sesi\u00f3n<\/h3>\n<p><!--<iframe loading=\"lazy\" src=\"\/\/player.vimeo.com\/video\/114198335?title=0&amp;byline=0&amp;portrait=0\" width=\"500\" height=\"375\" frameborder=\"0\" webkitallowfullscreen mozallowfullscreen allowfullscreen><\/iframe>--><br \/>\n<iframe loading=\"lazy\" title=\"Mensajes de Impacto Sesion 2\" width=\"500\" height=\"375\" src=\"https:\/\/www.youtube.com\/embed\/j2AWCf-VgXs?feature=oembed\" frameborder=\"0\" allow=\"accelerometer; autoplay; clipboard-write; encrypted-media; gyroscope; picture-in-picture; web-share\" referrerpolicy=\"strict-origin-when-cross-origin\" allowfullscreen><\/iframe><\/p>\n<h3>O\u00edr la sesi\u00f3n<\/h3>\n<div class=\"wavesurfer-block wavesurfer-audio\"><div class=\"wavesurfer-player\" data-wave-color=\"#ad0000\" data-cursor-color=\"#333333\" data-progress-color=\"#178200\" data-height=\"35\" data-url=\"https:\/\/audio.pazcondios.com\/mensajesdeimpactosesion2.mp3\"><\/div><div class=\"wavesurfer-progress\"><progress class=\"wavesurfer-loading\" value=\"0\" max=\"100\"><\/progress><\/div><div class=\"wavesurfer-buttons_set\"><button type=\"button\" class=\"wavesurfer-play\"><span>Play<\/span><\/button><button type=\"button\" class=\"wavesurfer-stop\"><span>Stop<\/span><\/button><div class=\"wavesurfer-time\"><\/div><div class=\"wavesurfer-duration\"><\/div><\/div><\/div>\n<h3>Descargar esta sesi\u00f3n<\/h3>\n<p>Audio: <a target=\"_blank\" href=\"https:\/\/audio.pazcondios.com\/mensajesdeimpactosesion2.mp3\">mp3<\/a>&nbsp;  Video: <a target=\"_blank\" href=\"http:\/\/video.pazcondios.com\/mensajesdeimpactosesion2.mp4\">mp4<\/a><\/p>\n<h3>Invitar a otro<\/h3>\n\n<h3>Compartir este seminario<\/h3>\n","protected":false},"excerpt":{"rendered":"<p>Ver la sesi\u00f3n O\u00edr la sesi\u00f3n Descargar esta sesi\u00f3n Audio: mp3&nbsp; Video: mp4 Invitar a otro Compartir este seminario<\/p>\n","protected":false},"author":1,"featured_media":4505,"parent":4533,"menu_order":0,"comment_status":"open","ping_status":"open","template":"","meta":[],"_links":{"self":[{"href":"https:\/\/legacy.pazcondios.com\/index.php?rest_route=\/wp\/v2\/pages\/4690"}],"collection":[{"href":"https:\/\/legacy.pazcondios.com\/index.php?rest_route=\/wp\/v2\/pages"}],"about":[{"href":"https:\/\/legacy.pazcondios.com\/index.php?rest_route=\/wp\/v2\/types\/page"}],"author":[{"embeddable":true,"href":"https:\/\/legacy.pazcondios.com\/index.php?rest_route=\/wp\/v2\/users\/1"}],"replies":[{"embeddable":true,"href":"https:\/\/legacy.pazcondios.com\/index.php?rest_route=%2Fwp%2Fv2%2Fcomments&post=4690"}],"version-history":[{"count":19,"href":"https:\/\/legacy.pazcondios.com\/index.php?rest_route=\/wp\/v2\/pages\/4690\/revisions"}],"predecessor-version":[{"id":6052,"href":"https:\/\/legacy.pazcondios.com\/index.php?rest_route=\/wp\/v2\/pages\/4690\/revisions\/6052"}],"up":[{"embeddable":true,"href":"https:\/\/legacy.pazcondios.com\/index.php?rest_route=\/wp\/v2\/pages\/4533"}],"wp:featuredmedia":[{"embeddable":true,"href":"https:\/\/legacy.pazcondios.com\/index.php?rest_route=\/wp\/v2\/media\/4505"}],"wp:attachment":[{"href":"https:\/\/legacy.pazcondios.com\/index.php?rest_route=%2Fwp%2Fv2%2Fmedia&parent=4690"}],"curies":[{"name":"wp","href":"https:\/\/api.w.org\/{rel}","templated":true}]}}