{"id":4577,"date":"2014-12-05T21:43:32","date_gmt":"2014-12-06T02:43:32","guid":{"rendered":"https:\/\/legacy.pazcondios.com\/?page_id=4577"},"modified":"2014-12-05T22:36:01","modified_gmt":"2014-12-06T03:36:01","slug":"seminario-como-preparar-mensajes-de-impacto-inscripcion","status":"publish","type":"page","link":"https:\/\/legacy.pazcondios.com\/?page_id=4577","title":{"rendered":"Te Invito al Seminario C\u00f3mo Preparar Mensajes de Impacto"},"content":{"rendered":"<h3>\u00a1Te invito al seminario<br \/>C\u00f3mo Preparar Mensajes de Impacto!<\/h3>\n<p>En este seminario, veremos c\u00f3mo podemos preparar sermones, pr\u00e9dicas y estudios que tengan un impacto en nuestros oyentes. <\/p>\n<h3>Inscribirte y empezar el seminario<\/h3>\n\n<h3>4 Videos<\/h3>\n<p>C\u00f3mo Preparar Mensajes de Impacto est\u00e1 compuesto de 4 videos, en los cuales comparto diferentes t\u00e9cnicas que he aprendido <\/p>\n<h3>Completamente gratis<\/h3>\n<p>Igual que todos los recursos en PazConDios, el seminario C\u00f3mo Preparar Mensajes de Impacto es completamente gratis. Nuestra misi\u00f3n en PazConDios es <i>Capacitar l\u00edderes para equipar a la iglesia<\/i>.<\/p>\n<h3>Inscribirte y empezar el seminario<\/h3>\n\n<h3>Compartir con el grupo<\/h3>\n<p>Despu\u00e9s de cada video, hay una \u00e1rea para comentarios. As\u00ed que todos podemos conversar y compartir nuestras experiencias, preguntas y comentarios.<br \/>\n<br \/>\nDurante el seminario, voy a estar participando en la conversaci\u00f3n en los comentarios. \u00a1Entonces, espero verte all\u00ed!<\/p>\n<h3>Puedes empezar ahora<\/h3>\n<p>Te invito a que te inscribas a PazConDios, y entres y participes en el seminario C\u00f3mo Preparar Mensajes de Impacto.<\/p>\n\n<h3>Compartir este seminario<\/h3>\n","protected":false},"excerpt":{"rendered":"<p>\u00a1Te invito al seminarioC\u00f3mo Preparar Mensajes de Impacto! En este seminario, veremos c\u00f3mo podemos preparar sermones, pr\u00e9dicas y estudios que tengan un impacto en nuestros oyentes. Inscribirte y empezar el seminario 4 Videos C\u00f3mo Preparar Mensajes de Impacto est\u00e1 compuesto de 4 videos, en los cuales comparto diferentes t\u00e9cnicas que he aprendido Completamente gratis Igual [&hellip;]<\/p>\n","protected":false},"author":1,"featured_media":0,"parent":4533,"menu_order":0,"comment_status":"open","ping_status":"open","template":"","meta":[],"_links":{"self":[{"href":"https:\/\/legacy.pazcondios.com\/index.php?rest_route=\/wp\/v2\/pages\/4577"}],"collection":[{"href":"https:\/\/legacy.pazcondios.com\/index.php?rest_route=\/wp\/v2\/pages"}],"about":[{"href":"https:\/\/legacy.pazcondios.com\/index.php?rest_route=\/wp\/v2\/types\/page"}],"author":[{"embeddable":true,"href":"https:\/\/legacy.pazcondios.com\/index.php?rest_route=\/wp\/v2\/users\/1"}],"replies":[{"embeddable":true,"href":"https:\/\/legacy.pazcondios.com\/index.php?rest_route=%2Fwp%2Fv2%2Fcomments&post=4577"}],"version-history":[{"count":8,"href":"https:\/\/legacy.pazcondios.com\/index.php?rest_route=\/wp\/v2\/pages\/4577\/revisions"}],"predecessor-version":[{"id":4585,"href":"https:\/\/legacy.pazcondios.com\/index.php?rest_route=\/wp\/v2\/pages\/4577\/revisions\/4585"}],"up":[{"embeddable":true,"href":"https:\/\/legacy.pazcondios.com\/index.php?rest_route=\/wp\/v2\/pages\/4533"}],"wp:attachment":[{"href":"https:\/\/legacy.pazcondios.com\/index.php?rest_route=%2Fwp%2Fv2%2Fmedia&parent=4577"}],"curies":[{"name":"wp","href":"https:\/\/api.w.org\/{rel}","templated":true}]}}