{"id":4533,"date":"2014-12-03T19:41:43","date_gmt":"2014-12-04T00:41:43","guid":{"rendered":"https:\/\/legacy.pazcondios.com\/?page_id=4533"},"modified":"2015-02-04T14:31:25","modified_gmt":"2015-02-04T19:31:25","slug":"seminario-como-preparar-mensajes-de-impacto","status":"publish","type":"page","link":"https:\/\/legacy.pazcondios.com\/?page_id=4533","title":{"rendered":"Seminario: C\u00f3mo Preparar<br>Mensajes de Impacto"},"content":{"rendered":"<h3>\u00a1Bienvenido al seminario C\u00f3mo Preparar Mensajes de Impacto!<\/h3>\n<p>En este seminario, veremos c\u00f3mo podemos preparar sermones, pr\u00e9dicas y estudios que tengan un impacto en nuestros oyentes. <\/p>\n<h3>4 Videos<\/h3>\n<p>C\u00f3mo Preparar Mensajes de Impacto est\u00e1 compuesto de 4 videos, en los cuales comparto diferentes t\u00e9cnicas que he aprendido que nos pueden ayudar a desarrollar mensajes que tengan mucho impacto.<\/p>\n<h3>Completamente gratis<\/h3>\n<p>Igual que todos los recursos en PazConDios, el seminario C\u00f3mo Preparar Mensajes de Impacto es completamente gratis. Nuestra misi\u00f3n en PazConDios es <i>Capacitar l\u00edderes para equipar a la iglesia<\/i>.<\/p>\n<h3>Compartir con el grupo<\/h3>\n<p>Despu\u00e9s de cada video, hay una \u00e1rea para comentarios. As\u00ed que todos podemos conversar y compartir nuestras experiencias, preguntas y comentarios.<\/p>\n<h3>Puedes empezar ahora<\/h3>\n<p>Te invito a que entres y participes en el seminario C\u00f3mo Preparar Mensajes de Impacto <a href=\"https:\/\/legacy.pazcondios.com\/?page_id=4502\">Sesi\u00f3n 1<\/a>.<\/p>\n<p>\nDurante el seminario, voy a estar participando en la conversaci\u00f3n en los comentarios. \u00a1Entonces, espero verte all\u00ed!<\/p>\n<p>\u2014 Felipe<\/p>\n<h3>P.D. Inscribirte en PazConDios<\/h3>\n<p>Quiero invitarte a inscribirte a la lista de PazConDios. As\u00ed te avisar\u00e9 cada vez que publicamos nuevos recursos que puedes usar en tu ministerio. As\u00ed nunca perder\u00e1s el nuevo libro, seminario o mensaje. <b>\u00a1Y de paso te regalaremos el libro electr\u00f3nico S\u00edgueme completamente gratis!<\/b><br \/>\n<\/p>\n<h3>Invitar a otro<\/h3>\n\n<h3>Compartir este seminario<\/h3>\n","protected":false},"excerpt":{"rendered":"<p>\u00a1Bienvenido al seminario C\u00f3mo Preparar Mensajes de Impacto! En este seminario, veremos c\u00f3mo podemos preparar sermones, pr\u00e9dicas y estudios que tengan un impacto en nuestros oyentes. 4 Videos C\u00f3mo Preparar Mensajes de Impacto est\u00e1 compuesto de 4 videos, en los cuales comparto diferentes t\u00e9cnicas que he aprendido que nos pueden ayudar a desarrollar mensajes que [&hellip;]<\/p>\n","protected":false},"author":1,"featured_media":4505,"parent":0,"menu_order":0,"comment_status":"open","ping_status":"open","template":"","meta":[],"_links":{"self":[{"href":"https:\/\/legacy.pazcondios.com\/index.php?rest_route=\/wp\/v2\/pages\/4533"}],"collection":[{"href":"https:\/\/legacy.pazcondios.com\/index.php?rest_route=\/wp\/v2\/pages"}],"about":[{"href":"https:\/\/legacy.pazcondios.com\/index.php?rest_route=\/wp\/v2\/types\/page"}],"author":[{"embeddable":true,"href":"https:\/\/legacy.pazcondios.com\/index.php?rest_route=\/wp\/v2\/users\/1"}],"replies":[{"embeddable":true,"href":"https:\/\/legacy.pazcondios.com\/index.php?rest_route=%2Fwp%2Fv2%2Fcomments&post=4533"}],"version-history":[{"count":21,"href":"https:\/\/legacy.pazcondios.com\/index.php?rest_route=\/wp\/v2\/pages\/4533\/revisions"}],"predecessor-version":[{"id":4799,"href":"https:\/\/legacy.pazcondios.com\/index.php?rest_route=\/wp\/v2\/pages\/4533\/revisions\/4799"}],"wp:featuredmedia":[{"embeddable":true,"href":"https:\/\/legacy.pazcondios.com\/index.php?rest_route=\/wp\/v2\/media\/4505"}],"wp:attachment":[{"href":"https:\/\/legacy.pazcondios.com\/index.php?rest_route=%2Fwp%2Fv2%2Fmedia&parent=4533"}],"curies":[{"name":"wp","href":"https:\/\/api.w.org\/{rel}","templated":true}]}}