{"id":4463,"date":"2014-11-22T22:55:19","date_gmt":"2014-11-23T03:55:19","guid":{"rendered":"https:\/\/legacy.pazcondios.com\/?page_id=4463"},"modified":"2018-04-05T09:13:58","modified_gmt":"2018-04-05T14:13:58","slug":"gracias-por-inscribir","status":"publish","type":"page","link":"https:\/\/legacy.pazcondios.com\/?page_id=4463","title":{"rendered":"Gracias por Inscribirte"},"content":{"rendered":"<p>\u00a1Gracias por inscribirte a la lista de PazConDios!<\/p>\n<p>Te avisaremos cuando publicamos nuevos recursos. Gracias por ser parte de esta comunidad.<\/p>\n<p>Aqu\u00ed puedes descargar el libro electr\u00f3nico S\u00edgueme completamente gratis; es nuestro regalo a ti: <a href=\"https:\/\/recursos.pazcondios.com\/libros\/sigueme\/sigueme_es.pdf\" target=\"_blank\" rel=\"noopener\">Descargar S\u00edgueme<\/a><\/p>\n<div style=\"text-align: center; width: 100%;\"><a href=\"https:\/\/recursos.pazcondios.com\/libros\/sigueme\/sigueme_es.pdf\" target=\"_blank\" rel=\"noopener\"><img style=\"display: block; border: 1px solid red; margin-left: auto; margin-right: auto;\" src=\"http:\/\/imagenes.pazcondios.com\/sigueme_es.jpg\" \/><\/a><\/div>\n<div><\/div>\n<div>Te invitamos a explorar todos los recursos de PazConDios:<\/div>\n<ul>\n<li><a href=\"https:\/\/legacy.pazcondios.com\/?cat=23\">Sermones (manuscritos y videos)<\/a><\/li>\n<li><a href=\"https:\/\/legacy.pazcondios.com\/?page_id=5095\">Libros (\u00a1todos gratis!)<\/a><\/li>\n<li><a href=\"https:\/\/legacy.pazcondios.com\/?page_id=5121\">Seminarios (en linea &#8212; puedes participar hoy)<\/a><\/li>\n<li><a href=\"https:\/\/legacy.pazcondios.com\/?cat=155\">Conversaciones sobre el Liderazgo y la Iglesia (contesto a tus preguntas)<\/a><\/li>\n<li><a href=\"https:\/\/legacy.pazcondios.com\/?cat=156\">Estudios en YouVersiones<\/a><\/li>\n<\/ul>\n<p>Todos los recursos son dados gratuitamente para colaborar contigo en tu ministerio.<\/p>\n","protected":false},"excerpt":{"rendered":"<p>\u00a1Gracias por inscribirte a la lista de PazConDios! Te avisaremos cuando publicamos nuevos recursos. Gracias por ser parte de esta comunidad. Aqu\u00ed puedes descargar el libro electr\u00f3nico S\u00edgueme completamente gratis; es nuestro regalo a ti: Descargar S\u00edgueme Te invitamos a explorar todos los recursos de PazConDios: Sermones (manuscritos y videos) Libros (\u00a1todos gratis!) Seminarios (en [&hellip;]<\/p>\n","protected":false},"author":1,"featured_media":0,"parent":0,"menu_order":0,"comment_status":"open","ping_status":"open","template":"","meta":[],"_links":{"self":[{"href":"https:\/\/legacy.pazcondios.com\/index.php?rest_route=\/wp\/v2\/pages\/4463"}],"collection":[{"href":"https:\/\/legacy.pazcondios.com\/index.php?rest_route=\/wp\/v2\/pages"}],"about":[{"href":"https:\/\/legacy.pazcondios.com\/index.php?rest_route=\/wp\/v2\/types\/page"}],"author":[{"embeddable":true,"href":"https:\/\/legacy.pazcondios.com\/index.php?rest_route=\/wp\/v2\/users\/1"}],"replies":[{"embeddable":true,"href":"https:\/\/legacy.pazcondios.com\/index.php?rest_route=%2Fwp%2Fv2%2Fcomments&post=4463"}],"version-history":[{"count":14,"href":"https:\/\/legacy.pazcondios.com\/index.php?rest_route=\/wp\/v2\/pages\/4463\/revisions"}],"predecessor-version":[{"id":6582,"href":"https:\/\/legacy.pazcondios.com\/index.php?rest_route=\/wp\/v2\/pages\/4463\/revisions\/6582"}],"wp:attachment":[{"href":"https:\/\/legacy.pazcondios.com\/index.php?rest_route=%2Fwp%2Fv2%2Fmedia&parent=4463"}],"curies":[{"name":"wp","href":"https:\/\/api.w.org\/{rel}","templated":true}]}}