{"id":39,"date":"2011-02-12T15:05:52","date_gmt":"2011-02-12T20:05:52","guid":{"rendered":"http:\/\/s245038382.onlinehome.us\/PazConDiosWP\/?page_id=39"},"modified":"2017-01-31T15:34:48","modified_gmt":"2017-01-31T20:34:48","slug":"la-iglesia","status":"publish","type":"page","link":"https:\/\/legacy.pazcondios.com\/?page_id=39","title":{"rendered":"<a href=\"http:\/\/laiglesiadelacomunidad.com\">La Iglesia de la Comunidad<\/a>"},"content":{"rendered":"<p>La mayor\u00eda de los mensajes de PazConDios tienen su origen en la iglesia local que estamos plantando: La Iglesia de la Comunidad en Lincoln, NE, USA.<\/p>\n<p>La Iglesia de la Comunidad es una comunidad de creyentes en Jesucristo. Somos una iglesia independiente. Basamos nuestra fe en la Palabra de Dios, y deseamos tener una relaci\u00f3n personal con nuestro Creador y Salvador, Jes\u00fas.<\/p>\n<p><a href=\"http:\/\/laiglesiadelacomunidad.com\"><img src=\"http:\/\/imagenes.pazcondios.com\/iglesia_logo.png\" style=\"-webkit-box-shadow: 0 10px 6px -6px #777; -moz-box-shadow: 0 10px 6px -6px #777; box-shadow: 0 10px 6px -6px #777;\"\/><\/a><\/p>\n<p>Nos reunimos los domingos a las 6:30PM en el gimnascio del &#8220;F ST Community Center&#8221; (13 y F, Lincoln, NE). El ambiente y el vestuario es informal. Antes de la reuni\u00f3n, convivimos con caf\u00e9 y galletitas. En la reuni\u00f3n, cantamos a Jes\u00fas, recibimos\u00a0un mensaje de la Palabra de Dios y compartimos la Santa Cena. Despu\u00e9s de la reuni\u00f3n, compartimos una cena familiar.<\/p>\n<p>Adem\u00e1s, hay varios grupos de comunidad que se reunen entre semana. En estos grupos se experimenta la vida de comunidad de la iglesia en un ambiente familiar. Los diferentes grupos para mujeres se reunen miercoles a las 6PM, el jueves a las 6PM y el viernes a las 9AM. El grupo de comunidad para hombres se reune los s\u00e1bados a las 11AM.<\/p>\n<p>Si te encuentras en Lincoln, y no te congregas en otra iglesia, te invitamos a visitarnos.\u00a0Nuestro lema es: &#8220;Nosotros existimos para que personas lejos de Dios puedan hallar paz y prop\u00f3sito en Cristo&#8221;. Por lo tanto, no importa d\u00f3nde est\u00e1s en tu camino espiritual, eres bienvenido.<\/p>\n<p>Si deseas m\u00e1s informaci\u00f3n acerca de La Iglesia de la Comunidad, nos puedes contactar v\u00eda correo electr\u00f3nico:\u00a0<a href=\"mailto:iglesia@pazcondios.com\">iglesia@pazcondios.com<\/a><\/p>\n<p><strong>La Iglesia de la Comunidad:\u00a0<em>paz con Dios, prop\u00f3sito en la vida<\/em><\/strong><\/p>\n<p>&nbsp;<\/p>\n<p>&nbsp;<\/p>\n","protected":false},"excerpt":{"rendered":"<p>La mayor\u00eda de los mensajes de PazConDios tienen su origen en la iglesia local que estamos plantando: La Iglesia de la Comunidad en Lincoln, NE, USA. La Iglesia de la Comunidad es una comunidad de creyentes en Jesucristo. Somos una iglesia independiente. Basamos nuestra fe en la Palabra de Dios, y deseamos tener una relaci\u00f3n [&hellip;]<\/p>\n","protected":false},"author":1,"featured_media":0,"parent":0,"menu_order":0,"comment_status":"open","ping_status":"open","template":"","meta":[],"_links":{"self":[{"href":"https:\/\/legacy.pazcondios.com\/index.php?rest_route=\/wp\/v2\/pages\/39"}],"collection":[{"href":"https:\/\/legacy.pazcondios.com\/index.php?rest_route=\/wp\/v2\/pages"}],"about":[{"href":"https:\/\/legacy.pazcondios.com\/index.php?rest_route=\/wp\/v2\/types\/page"}],"author":[{"embeddable":true,"href":"https:\/\/legacy.pazcondios.com\/index.php?rest_route=\/wp\/v2\/users\/1"}],"replies":[{"embeddable":true,"href":"https:\/\/legacy.pazcondios.com\/index.php?rest_route=%2Fwp%2Fv2%2Fcomments&post=39"}],"version-history":[{"count":14,"href":"https:\/\/legacy.pazcondios.com\/index.php?rest_route=\/wp\/v2\/pages\/39\/revisions"}],"predecessor-version":[{"id":5969,"href":"https:\/\/legacy.pazcondios.com\/index.php?rest_route=\/wp\/v2\/pages\/39\/revisions\/5969"}],"wp:attachment":[{"href":"https:\/\/legacy.pazcondios.com\/index.php?rest_route=%2Fwp%2Fv2%2Fmedia&parent=39"}],"curies":[{"name":"wp","href":"https:\/\/api.w.org\/{rel}","templated":true}]}}