{"id":3827,"date":"2013-04-26T16:39:19","date_gmt":"2013-04-26T21:39:19","guid":{"rendered":"https:\/\/legacy.pazcondios.com\/?page_id=3827"},"modified":"2015-05-22T19:27:28","modified_gmt":"2015-05-23T00:27:28","slug":"sigueme","status":"publish","type":"page","link":"https:\/\/legacy.pazcondios.com\/?page_id=3827","title":{"rendered":"S\u00edgueme"},"content":{"rendered":"<p><center><img style=\"border: 1px solid black;\"  src=\"http:\/\/imagenes.pazcondios.com\/sigueme_es.jpg\"\/><\/center><\/p>\n<blockquote><p>\u00bfQu\u00e9 significa seguir a Jes\u00fas?<\/p>\n<p>Es f\u00e1cil creer que seguir a Jes\u00fas significa simplemente ir a la iglesia y ser una buena persona. \u00bfEs realmente esto lo que significa seguir al Hijo de Dios?<\/p>\n<p>Jes\u00fas nos llama a una vida completamente diferente. Nos llama a cambiar el mundo con \u00c9l. En este libro, vemos la verdadera llamada radical de Jes\u00fas.<\/p><\/blockquote>\n<h3>Lea el libro<\/h3>\n<p>Estamos <strong>regalando<\/strong> el libro digital y todos los recursos digitales. \u00a0 <em>(Nada mas pedimos que los compartes gratuitamente tambi\u00e9n.)<\/em><\/p>\n<h4>E-libro Gratis<\/h4>\n<p><a href=\"https:\/\/recursos.pazcondios.com\/libros\/sigueme\/sigueme_es.pdf\" target=\"_blank\">Descargar en formato PDF<\/a> &nbsp; <a href=\"https:\/\/recursos.pazcondios.com\/libros\/sigueme\/sigueme_es.mobi\" target=\"_blank\">Descargar en formato Kindle<\/a><\/p>\n<p><!--\n\n<h4>Comprar en Amazon<\/h4>\n\n\n<a href=\"http:\/\/www.amazon.com\/S%C3%ADgueme-Spanish-Mr-Felipe-Canarsky\/dp\/1937245128\" title=\"Comprar en Amazon.com\" target=\"_blank\">El Libro<\/a> &nbsp; <a href=\"http:\/\/www.amazon.com\/S%C3%ADgueme-Spanish-Edition-ebook\/dp\/B00CGQ6RQ2\" title=\"Comprar en Amazon.com\" target=\"_blank\">Kindle<\/a>--><\/p>\n<h4>Audio-libro<\/h4>\n<p>Descargar en formato MP3: <a href=\"https:\/\/audio.pazcondios.com\/sigueme1es.mp3\" target=\"_blank\">Cap\u00edtulo 1<\/a>&nbsp;<a href=\"https:\/\/audio.pazcondios.com\/sigueme2es.mp3\" target=\"_blank\">Cap\u00edtulo 2<\/a>&nbsp;<a href=\"https:\/\/audio.pazcondios.com\/sigueme3es.mp3\" target=\"_blank\">Cap\u00edtulo 3<\/a>&nbsp;<a href=\"https:\/\/audio.pazcondios.com\/sigueme4es.mp3\" target=\"_blank\">Cap\u00edtulo 4<\/a>&nbsp;<a href=\"https:\/\/audio.pazcondios.com\/sigueme5es.mp3\" target=\"_blank\">Cap\u00edtulo 5<\/a>&nbsp;<a href=\"https:\/\/audio.pazcondios.com\/sigueme6es.mp3\" target=\"_blank\">Cap\u00edtulo 6<\/a>&nbsp;<a href=\"https:\/\/audio.pazcondios.com\/sigueme7es.mp3\" target=\"_blank\">Cap\u00edtulo 7<\/a>&nbsp;<a href=\"https:\/\/audio.pazcondios.com\/sigueme8es.mp3\" target=\"_blank\">Cap\u00edtulo 8<\/a>&nbsp;<a href=\"https:\/\/audio.pazcondios.com\/sigueme9es.mp3\" target=\"_blank\">Cap\u00edtulo 9<\/a><br \/>\nEscuchar en l\u00ednea:<div class=\"wavesurfer-block wavesurfer-audio\"><div class=\"wavesurfer-player\" data-wave-color=\"#ad0000\" data-cursor-color=\"#333333\" data-progress-color=\"#178200\" data-height=\"35\" data-url=\"https:\/\/audio.pazcondios.com\/sigueme1es.mp3,https:\/\/audio.pazcondios.com\/sigueme2es.mp3,https:\/\/audio.pazcondios.com\/sigueme3es.mp3,https:\/\/audio.pazcondios.com\/sigueme4es.mp3,https:\/\/audio.pazcondios.com\/sigueme5es.mp3,https:\/\/audio.pazcondios.com\/sigueme6es.mp3,https:\/\/audio.pazcondios.com\/sigueme7es.mp3,https:\/\/audio.pazcondios.com\/sigueme8es.mp3,https:\/\/audio.pazcondios.com\/sigueme9es.mp3|titles=Cap\u00edtulo\"><\/div><div class=\"wavesurfer-progress\"><progress class=\"wavesurfer-loading\" value=\"0\" max=\"100\"><\/progress><\/div><div class=\"wavesurfer-buttons_set\"><button type=\"button\" class=\"wavesurfer-play\"><span>Play<\/span><\/button><button type=\"button\" class=\"wavesurfer-stop\"><span>Stop<\/span><\/button><div class=\"wavesurfer-time\"><\/div><div class=\"wavesurfer-duration\"><\/div><\/div><\/div><\/p>\n<h3>Usar el libro en tu ministerio<\/h3>\n<p>Este libro es un excelente texto para usar en la ense\u00f1anza \u2014 tanto en estudios de grupos peque\u00f1os como en la predicaci\u00f3n \u2014. Te invitamos a usar los siguentes recursos gratuitamente en tu ministerio de ense\u00f1ar y predicar.<\/p>\n<h4>Serm\u00f3n de introducci\u00f3n<\/h4>\n<p><a href=\"https:\/\/legacy.pazcondios.com\/?p=3824\">Presentando a: S\u00edgueme<\/a><\/p>\n<h4>Bosquejos de sermones<\/h4>\n<p> Mensaje 1:&nbsp;<a href=\"https:\/\/recursos.pazcondios.com\/SiguemeMensaje1ES.pdf\" target=\"_blank\">PDF<\/a>&nbsp;<a href=\"https:\/\/recursos.pazcondios.com\/SiguemeMensaje1ES.docx\" target=\"_blank\">DOC<\/a><br \/>\nMensaje 2:&nbsp;<a href=\"https:\/\/recursos.pazcondios.com\/SiguemeMensaje2ES.pdf\" target=\"_blank\">PDF<\/a>&nbsp;<a href=\"https:\/\/recursos.pazcondios.com\/SiguemeMensaje2ES.docx\" target=\"_blank\">DOC<\/a><br \/>\nMensaje 3:&nbsp;<a href=\"https:\/\/recursos.pazcondios.com\/SiguemeMensaje3ES.pdf\" target=\"_blank\">PDF<\/a>&nbsp;<a href=\"https:\/\/recursos.pazcondios.com\/SiguemeMensaje3ES.docx\" target=\"_blank\">DOC<\/a><br \/>\nMensaje 4:&nbsp;<a href=\"https:\/\/recursos.pazcondios.com\/SiguemeMensaje4ES.pdf\" target=\"_blank\">PDF<\/a>&nbsp;<a href=\"https:\/\/recursos.pazcondios.com\/SiguemeMensaje4ES.docx\" target=\"_blank\">DOC<\/a><br \/>\nMensaje 5:&nbsp;<a href=\"https:\/\/recursos.pazcondios.com\/SiguemeMensaje5ES.pdf\" target=\"_blank\">PDF<\/a>&nbsp;<a href=\"https:\/\/recursos.pazcondios.com\/SiguemeMensaje5ES.docx\" target=\"_blank\">DOC<\/a><br \/>\nMensaje 6:&nbsp;<a href=\"https:\/\/recursos.pazcondios.com\/SiguemeMensaje6ES.pdf\" target=\"_blank\">PDF<\/a>&nbsp;<a href=\"https:\/\/recursos.pazcondios.com\/SiguemeMensaje6ES.docx\" target=\"_blank\">DOC<\/a><br \/>\nMensaje 7:&nbsp;<a href=\"https:\/\/recursos.pazcondios.com\/SiguemeMensaje7ES.pdf\" target=\"_blank\">PDF<\/a>&nbsp;<a href=\"https:\/\/recursos.pazcondios.com\/SiguemeMensaje7ES.docx\" target=\"_blank\">DOC<\/a><br \/>\nMensaje 8:&nbsp;<a href=\"https:\/\/recursos.pazcondios.com\/SiguemeMensaje8ES.pdf\" target=\"_blank\">PDF<\/a>&nbsp;<a href=\"https:\/\/recursos.pazcondios.com\/SiguemeMensaje8ES.docx\" target=\"_blank\">DOC<\/a><br \/>\nMensaje 9:&nbsp;<a href=\"https:\/\/recursos.pazcondios.com\/SiguemeMensaje9ES.pdf\" target=\"_blank\">PDF<\/a>&nbsp;<a href=\"https:\/\/recursos.pazcondios.com\/SiguemeMensaje9ES.docx\" target=\"_blank\">DOC<\/a><\/p>\n<h4>Bosquejos de estudios<\/h4>\n<p>Estudio 1:&nbsp;<a href=\"https:\/\/recursos.pazcondios.com\/SiguemeEstudio1ES.pdf\" target=\"_blank\">PDF<\/a>&nbsp;<a href=\"https:\/\/recursos.pazcondios.com\/SiguemeEstudio1ES.docx\" target=\"_blank\">DOC<\/a><br \/>\nEstudio 2:&nbsp;<a href=\"https:\/\/recursos.pazcondios.com\/SiguemeEstudio2ES.pdf\" target=\"_blank\">PDF<\/a>&nbsp;<a href=\"https:\/\/recursos.pazcondios.com\/SiguemeEstudio2ES.docx\" target=\"_blank\">DOC<\/a><br \/>\nEstudio 3:&nbsp;<a href=\"https:\/\/recursos.pazcondios.com\/SiguemeEstudio3ES.pdf\" target=\"_blank\">PDF<\/a>&nbsp;<a href=\"https:\/\/recursos.pazcondios.com\/SiguemeEstudio3ES.docx\" target=\"_blank\">DOC<\/a><br \/>\nEstudio 4:&nbsp;<a href=\"https:\/\/recursos.pazcondios.com\/SiguemeEstudio4ES.pdf\" target=\"_blank\">PDF<\/a>&nbsp;<a href=\"https:\/\/recursos.pazcondios.com\/SiguemeEstudio4ES.docx\" target=\"_blank\">DOC<\/a><br \/>\nEstudio 5:&nbsp;<a href=\"https:\/\/recursos.pazcondios.com\/SiguemeEstudio5ES.pdf\" target=\"_blank\">PDF<\/a>&nbsp;<a href=\"https:\/\/recursos.pazcondios.com\/SiguemeEstudio5ES.docx\" target=\"_blank\">DOC<\/a><br \/>\nEstudio 6:&nbsp;<a href=\"https:\/\/recursos.pazcondios.com\/SiguemeEstudio6ES.pdf\" target=\"_blank\">PDF<\/a>&nbsp;<a href=\"https:\/\/recursos.pazcondios.com\/SiguemeEstudio6ES.docx\" target=\"_blank\">DOC<\/a><br \/>\nEstudio 7:&nbsp;<a href=\"https:\/\/recursos.pazcondios.com\/SiguemeEstudio7ES.pdf\" target=\"_blank\">PDF<\/a>&nbsp;<a href=\"https:\/\/recursos.pazcondios.com\/SiguemeEstudio7ES.docx\" target=\"_blank\">DOC<\/a><br \/>\nEstudio 8:&nbsp;<a href=\"https:\/\/recursos.pazcondios.com\/SiguemeEstudio8ES.pdf\" target=\"_blank\">PDF<\/a>&nbsp;<a href=\"https:\/\/recursos.pazcondios.com\/SiguemeEstudio8ES.docx\" target=\"_blank\">DOC<\/a><br \/>\nEstudio 9:&nbsp;<a href=\"https:\/\/recursos.pazcondios.com\/SiguemeEstudio9ES.pdf\" target=\"_blank\">PDF<\/a>&nbsp;<a href=\"https:\/\/recursos.pazcondios.com\/SiguemeEstudio9ES.docx\" target=\"_blank\">DOC<\/a><\/p>\n","protected":false},"excerpt":{"rendered":"<p>\u00bfQu\u00e9 significa seguir a Jes\u00fas? Es f\u00e1cil creer que seguir a Jes\u00fas significa simplemente ir a la iglesia y ser una buena persona. \u00bfEs realmente esto lo que significa seguir al Hijo de Dios? Jes\u00fas nos llama a una vida completamente diferente. Nos llama a cambiar el mundo con \u00c9l. En este libro, vemos la [&hellip;]<\/p>\n","protected":false},"author":1,"featured_media":0,"parent":5095,"menu_order":0,"comment_status":"open","ping_status":"open","template":"","meta":[],"_links":{"self":[{"href":"https:\/\/legacy.pazcondios.com\/index.php?rest_route=\/wp\/v2\/pages\/3827"}],"collection":[{"href":"https:\/\/legacy.pazcondios.com\/index.php?rest_route=\/wp\/v2\/pages"}],"about":[{"href":"https:\/\/legacy.pazcondios.com\/index.php?rest_route=\/wp\/v2\/types\/page"}],"author":[{"embeddable":true,"href":"https:\/\/legacy.pazcondios.com\/index.php?rest_route=\/wp\/v2\/users\/1"}],"replies":[{"embeddable":true,"href":"https:\/\/legacy.pazcondios.com\/index.php?rest_route=%2Fwp%2Fv2%2Fcomments&post=3827"}],"version-history":[{"count":12,"href":"https:\/\/legacy.pazcondios.com\/index.php?rest_route=\/wp\/v2\/pages\/3827\/revisions"}],"predecessor-version":[{"id":5104,"href":"https:\/\/legacy.pazcondios.com\/index.php?rest_route=\/wp\/v2\/pages\/3827\/revisions\/5104"}],"up":[{"embeddable":true,"href":"https:\/\/legacy.pazcondios.com\/index.php?rest_route=\/wp\/v2\/pages\/5095"}],"wp:attachment":[{"href":"https:\/\/legacy.pazcondios.com\/index.php?rest_route=%2Fwp%2Fv2%2Fmedia&parent=3827"}],"curies":[{"name":"wp","href":"https:\/\/api.w.org\/{rel}","templated":true}]}}