{"id":2478,"date":"2011-03-19T21:32:43","date_gmt":"2011-03-20T02:32:43","guid":{"rendered":"http:\/\/s245038382.onlinehome.us\/PazConDiosWP\/?page_id=2478"},"modified":"2016-02-23T13:28:45","modified_gmt":"2016-02-23T18:28:45","slug":"quiero-paz-con-dios","status":"publish","type":"page","link":"https:\/\/legacy.pazcondios.com\/?page_id=2478","title":{"rendered":"Quiero Paz con Dios"},"content":{"rendered":"<p><center><img style=\"border: 1px solid black;\"  src=\"http:\/\/imagenes.pazcondios.com\/qpcd_es.jpg\"\/><\/center><br \/>\nDeseamos estar en paz con Dios. Necesitamos estar en paz con Dios. Pero, hay mucha confusi\u00f3n hoy d\u00eda acerca de como tener una relaci\u00f3n con Dios.  \u00bfQu\u00e9 significa tener paz con Dios? \u00bfQui\u00e9n tiene paz con Dios? M\u00e1s importante, \u00bfc\u00f3mo puedo estar seguro de que tengo paz con Dios?<\/p>\n<p>Este libro contiene seis estudios que explican, directamente de la biblia, como tener paz con Dios.  Y lo mejor de todo: estamos <strong>regalando<\/strong> el libro digital y todos los recursos digitales. \u00a0 <em>(Nada mas pedimos que los compartes gratuitamente tambi\u00e9n.)<\/em><\/p>\n<h3>Descargar gratuitamente<\/h3>\n<p>E-libro: <a href=\"https:\/\/recursos.pazcondios.com\/libros\/qpcd\/quieropazcondios_manuscrito_espanol.pdf\" target=\"_blank\">Descargar el libro<\/a><br \/>\nFolleto para evangelismo: <a href=\"https:\/\/recursos.pazcondios.com\/libros\/qpcd\/quieropazcondios_folleto.pdf\" target=\"_blank\">Descargar el folleto<\/a><br \/>\nGu\u00edas de estudio: <a href=\"https:\/\/recursos.pazcondios.com\/libros\/qpcd\/quieropazcondios_manuscrito_espanol_estudio_1.pdf\" target=\"_blank\">Cap\u00edtulo 1<\/a> <a href=\"https:\/\/recursos.pazcondios.com\/libros\/qpcd\/quieropazcondios_manuscrito_espanol_estudio_2.pdf\" target=\"_blank\">Cap\u00edtulo 2<\/a> <a href=\"https:\/\/recursos.pazcondios.com\/libros\/qpcd\/quieropazcondios_manuscrito_espanol_estudio_3.pdf\" target=\"_blank\">Cap\u00edtulo 3<\/a> <a href=\"https:\/\/recursos.pazcondios.com\/libros\/qpcd\/quieropazcondios_manuscrito_espanol_estudio_4.pdf\" target=\"_blank\">Cap\u00edtulo 4<\/a> <a href=\"https:\/\/recursos.pazcondios.com\/libros\/qpcd\/quieropazcondios_manuscrito_espanol_estudio_5.pdf\" target=\"_blank\">Cap\u00edtulo 5<\/a> <a href=\"https:\/\/recursos.pazcondios.com\/libros\/qpcd\/quieropazcondios_manuscrito_espanol_estudio_6.pdf\" target=\"_blank\">Cap\u00edtulo 6<\/a><br \/>\nAudio-libro: <a href=\"https:\/\/audio.pazcondios.com\/libros\/qpcd\/paz1.mp3\" target=\"_blank\">Cap\u00edtulo 1<\/a> <a href=\"https:\/\/audio.pazcondios.com\/libros\/qpcd\/paz2.mp3\" target=\"_blank\">Cap\u00edtulo 2<\/a> <a href=\"https:\/\/audio.pazcondios.com\/libros\/qpcd\/paz3.mp3\" target=\"_blank\">Cap\u00edtulo 3<\/a> <a href=\"https:\/\/audio.pazcondios.com\/libros\/qpcd\/paz4.mp3\" target=\"_blank\">Cap\u00edtulo\u00a04<\/a> <a href=\"https:\/\/audio.pazcondios.com\/libros\/qpcd\/paz5.mp3\" target=\"_blank\">Cap\u00edtulo\u00a05<\/a> <a href=\"https:\/\/audio.pazcondios.com\/libros\/qpcd\/paz6.mp3\" target=\"_blank\">Cap\u00edtulo\u00a06<\/a><br \/>\n<!--\n\n<h3><a href=\"http:\/\/www.amazon.com\/Quiero-Paz-Dios-necesitamos-buscamos\/dp\/1452809437\/\" title=\"Comprar en Amazon.com\" target=\"_blank\">Comprar en Amazon.com<\/a><\/h3>\n\n--><\/p>\n<h3>Ver y escuchar en l\u00ednea<\/h3>\n<p><iframe loading=\"lazy\" src=\"http:\/\/player.vimeo.com\/hubnut\/album\/1556464?color=ff6600&amp;background=000000&amp;slideshow=0&amp;video_title=1&amp;video_byline=0\" width=\"400\" height=\"300\" frameborder=\"0\" webkitAllowFullScreen mozallowfullscreen allowFullScreen><\/iframe><br \/>\n<div class=\"wavesurfer-block wavesurfer-audio\"><div class=\"wavesurfer-player\" data-wave-color=\"#ad0000\" data-cursor-color=\"#333333\" data-progress-color=\"#178200\" data-height=\"35\" data-url=\"https:\/\/audio.pazcondios.com\/libros\/qpcd\/paz1.mp3,https:\/\/audio.pazcondios.com\/libros\/qpcd\/paz2.mp3,https:\/\/audio.pazcondios.com\/libros\/qpcd\/paz3.mp3,https:\/\/audio.pazcondios.com\/libros\/qpcd\/paz4.mp3,https:\/\/audio.pazcondios.com\/libros\/qpcd\/paz5.mp3,https:\/\/audio.pazcondios.com\/libros\/qpcd\/paz6.mp3|titles=Cap\u00edtulo\"><\/div><div class=\"wavesurfer-progress\"><progress class=\"wavesurfer-loading\" value=\"0\" max=\"100\"><\/progress><\/div><div class=\"wavesurfer-buttons_set\"><button type=\"button\" class=\"wavesurfer-play\"><span>Play<\/span><\/button><button type=\"button\" class=\"wavesurfer-stop\"><span>Stop<\/span><\/button><div class=\"wavesurfer-time\"><\/div><div class=\"wavesurfer-duration\"><\/div><\/div><\/div><br \/>\n<em>(con las flechitas se puede navegar entre los cap\u00edtulos)<\/em><\/p>\n","protected":false},"excerpt":{"rendered":"<p>Deseamos estar en paz con Dios. Necesitamos estar en paz con Dios. Pero, hay mucha confusi\u00f3n hoy d\u00eda acerca de como tener una relaci\u00f3n con Dios. \u00bfQu\u00e9 significa tener paz con Dios? \u00bfQui\u00e9n tiene paz con Dios? M\u00e1s importante, \u00bfc\u00f3mo puedo estar seguro de que tengo paz con Dios? Este libro contiene seis estudios que [&hellip;]<\/p>\n","protected":false},"author":1,"featured_media":0,"parent":5095,"menu_order":0,"comment_status":"closed","ping_status":"closed","template":"","meta":[],"_links":{"self":[{"href":"https:\/\/legacy.pazcondios.com\/index.php?rest_route=\/wp\/v2\/pages\/2478"}],"collection":[{"href":"https:\/\/legacy.pazcondios.com\/index.php?rest_route=\/wp\/v2\/pages"}],"about":[{"href":"https:\/\/legacy.pazcondios.com\/index.php?rest_route=\/wp\/v2\/types\/page"}],"author":[{"embeddable":true,"href":"https:\/\/legacy.pazcondios.com\/index.php?rest_route=\/wp\/v2\/users\/1"}],"replies":[{"embeddable":true,"href":"https:\/\/legacy.pazcondios.com\/index.php?rest_route=%2Fwp%2Fv2%2Fcomments&post=2478"}],"version-history":[{"count":30,"href":"https:\/\/legacy.pazcondios.com\/index.php?rest_route=\/wp\/v2\/pages\/2478\/revisions"}],"predecessor-version":[{"id":5589,"href":"https:\/\/legacy.pazcondios.com\/index.php?rest_route=\/wp\/v2\/pages\/2478\/revisions\/5589"}],"up":[{"embeddable":true,"href":"https:\/\/legacy.pazcondios.com\/index.php?rest_route=\/wp\/v2\/pages\/5095"}],"wp:attachment":[{"href":"https:\/\/legacy.pazcondios.com\/index.php?rest_route=%2Fwp%2Fv2%2Fmedia&parent=2478"}],"curies":[{"name":"wp","href":"https:\/\/api.w.org\/{rel}","templated":true}]}}